{"id":1918,"date":"2025-07-30T08:34:36","date_gmt":"2025-07-30T08:34:36","guid":{"rendered":"https:\/\/academy.effseit.com\/?post_type=product&#038;p=1918"},"modified":"2025-07-30T08:43:19","modified_gmt":"2025-07-30T08:43:19","slug":"sensibilisation-cybersecurite-administratif-2","status":"publish","type":"product","link":"https:\/\/academy.effseit.com\/?product=sensibilisation-cybersecurite-administratif-2","title":{"rendered":"Sensibilisation cybers\u00e9curit\u00e9- administratif"},"content":{"rendered":"<p>OBJECTIFS<br \/>\nSensibiliser les \u00e9quipes administratives aux dangers et aux bonnes pratiques en<br \/>\nmati\u00e8re de cybers\u00e9curit\u00e9.<\/p>\n<p>OBJECTIFS P\u00c9DAGOGIQUE<br \/>\n\u2022 Lister les principaux risques de cybers\u00e9curit\u00e9.<br \/>\n\u2022 Appliquer les bonnes pratiques de s\u00e9curit\u00e9 informatique.<br \/>\n\u2022 S\u00e9lectionner et solliciter les acteurs comp\u00e9tents pour traiter un incident.<br \/>\n\u2022 Mettre en \u0153uvre des mesures pour prot\u00e9ger les donn\u00e9es sensibles.<br \/>\n\u2022 Analyser un incident et \u00e9valuer les actions correctives.<br \/>\n\u2022 Concevoir des initiatives et promouvoir une culture de la s\u00e9curit\u00e9.<\/p>\n","protected":false},"excerpt":{"rendered":"<p>OBJECTIFS Sensibiliser les \u00e9quipes administratives aux dangers et aux bonnes pratiques en mati\u00e8re de cybers\u00e9curit\u00e9. OBJECTIFS P\u00c9DAGOGIQUE \u2022 Lister les principaux risques de cybers\u00e9curit\u00e9. \u2022 Appliquer les bonnes pratiques de s\u00e9curit\u00e9 informatique. \u2022 S\u00e9lectionner et solliciter les acteurs comp\u00e9tents pour traiter un incident. \u2022 Mettre en \u0153uvre des mesures pour prot\u00e9ger les donn\u00e9es sensibles. \u2022&hellip; <br \/> <a class=\"read-more\" href=\"https:\/\/academy.effseit.com\/?product=sensibilisation-cybersecurite-administratif-2\">Lire la suite<\/a><\/p>\n","protected":false},"featured_media":1877,"template":"","meta":[],"product_brand":[],"product_cat":[22],"product_tag":[],"class_list":{"0":"post-1918","1":"product","2":"type-product","3":"status-publish","4":"has-post-thumbnail","6":"product_cat-sensibilisation","8":"first","9":"instock","10":"taxable","11":"shipping-taxable","12":"product-type-grouped"},"yoast_head":"<!-- This site is optimized with the Yoast SEO plugin v27.4 - https:\/\/yoast.com\/product\/yoast-seo-wordpress\/ -->\n<title>Sensibilisation cybers\u00e9curit\u00e9- administratif - EFFSEIT ACADEMY<\/title>\n<meta name=\"robots\" content=\"index, follow, max-snippet:-1, max-image-preview:large, max-video-preview:-1\" \/>\n<link rel=\"canonical\" href=\"https:\/\/academy.effseit.com\/?product=sensibilisation-cybersecurite-administratif-2\" \/>\n<meta property=\"og:locale\" content=\"fr_FR\" \/>\n<meta property=\"og:type\" content=\"article\" \/>\n<meta property=\"og:title\" content=\"Sensibilisation cybers\u00e9curit\u00e9- administratif - EFFSEIT ACADEMY\" \/>\n<meta property=\"og:description\" content=\"OBJECTIFS Sensibiliser les \u00e9quipes administratives aux dangers et aux bonnes pratiques en mati\u00e8re de cybers\u00e9curit\u00e9. OBJECTIFS P\u00c9DAGOGIQUE \u2022 Lister les principaux risques de cybers\u00e9curit\u00e9. \u2022 Appliquer les bonnes pratiques de s\u00e9curit\u00e9 informatique. \u2022 S\u00e9lectionner et solliciter les acteurs comp\u00e9tents pour traiter un incident. \u2022 Mettre en \u0153uvre des mesures pour prot\u00e9ger les donn\u00e9es sensibles. \u2022&hellip; Lire la suite\" \/>\n<meta property=\"og:url\" content=\"https:\/\/academy.effseit.com\/?product=sensibilisation-cybersecurite-administratif-2\" \/>\n<meta property=\"og:site_name\" content=\"EFFSEIT ACADEMY\" \/>\n<meta property=\"article:modified_time\" content=\"2025-07-30T08:43:19+00:00\" \/>\n<meta property=\"og:image\" content=\"https:\/\/academy.effseit.com\/wp-content\/uploads\/2024\/09\/document.jpg\" \/>\n\t<meta property=\"og:image:width\" content=\"1024\" \/>\n\t<meta property=\"og:image:height\" content=\"1024\" \/>\n\t<meta property=\"og:image:type\" content=\"image\/jpeg\" \/>\n<meta name=\"twitter:card\" content=\"summary_large_image\" \/>\n<meta name=\"twitter:label1\" content=\"Dur\u00e9e de lecture estim\u00e9e\" \/>\n\t<meta name=\"twitter:data1\" content=\"1 minute\" \/>\n<script type=\"application\/ld+json\" class=\"yoast-schema-graph\">{\"@context\":\"https:\\\/\\\/schema.org\",\"@graph\":[{\"@type\":\"WebPage\",\"@id\":\"https:\\\/\\\/academy.effseit.com\\\/?product=sensibilisation-cybersecurite-administratif-2\",\"url\":\"https:\\\/\\\/academy.effseit.com\\\/?product=sensibilisation-cybersecurite-administratif-2\",\"name\":\"Sensibilisation cybers\u00e9curit\u00e9- administratif - EFFSEIT ACADEMY\",\"isPartOf\":{\"@id\":\"https:\\\/\\\/academy.effseit.com\\\/#website\"},\"primaryImageOfPage\":{\"@id\":\"https:\\\/\\\/academy.effseit.com\\\/?product=sensibilisation-cybersecurite-administratif-2#primaryimage\"},\"image\":{\"@id\":\"https:\\\/\\\/academy.effseit.com\\\/?product=sensibilisation-cybersecurite-administratif-2#primaryimage\"},\"thumbnailUrl\":\"https:\\\/\\\/academy.effseit.com\\\/wp-content\\\/uploads\\\/2024\\\/09\\\/document.jpg\",\"datePublished\":\"2025-07-30T08:34:36+00:00\",\"dateModified\":\"2025-07-30T08:43:19+00:00\",\"breadcrumb\":{\"@id\":\"https:\\\/\\\/academy.effseit.com\\\/?product=sensibilisation-cybersecurite-administratif-2#breadcrumb\"},\"inLanguage\":\"fr-FR\",\"potentialAction\":[{\"@type\":\"ReadAction\",\"target\":[\"https:\\\/\\\/academy.effseit.com\\\/?product=sensibilisation-cybersecurite-administratif-2\"]}]},{\"@type\":\"ImageObject\",\"inLanguage\":\"fr-FR\",\"@id\":\"https:\\\/\\\/academy.effseit.com\\\/?product=sensibilisation-cybersecurite-administratif-2#primaryimage\",\"url\":\"https:\\\/\\\/academy.effseit.com\\\/wp-content\\\/uploads\\\/2024\\\/09\\\/document.jpg\",\"contentUrl\":\"https:\\\/\\\/academy.effseit.com\\\/wp-content\\\/uploads\\\/2024\\\/09\\\/document.jpg\",\"width\":1024,\"height\":1024},{\"@type\":\"BreadcrumbList\",\"@id\":\"https:\\\/\\\/academy.effseit.com\\\/?product=sensibilisation-cybersecurite-administratif-2#breadcrumb\",\"itemListElement\":[{\"@type\":\"ListItem\",\"position\":1,\"name\":\"Accueil\",\"item\":\"https:\\\/\\\/academy.effseit.com\\\/\"},{\"@type\":\"ListItem\",\"position\":2,\"name\":\"Boutique\",\"item\":\"https:\\\/\\\/academy.effseit.com\\\/?page_id=1867\"},{\"@type\":\"ListItem\",\"position\":3,\"name\":\"Sensibilisation cybers\u00e9curit\u00e9- administratif\"}]},{\"@type\":\"WebSite\",\"@id\":\"https:\\\/\\\/academy.effseit.com\\\/#website\",\"url\":\"https:\\\/\\\/academy.effseit.com\\\/\",\"name\":\"EFFSEIT ACADEMY\",\"description\":\"Votre formation, Votre protection\",\"potentialAction\":[{\"@type\":\"SearchAction\",\"target\":{\"@type\":\"EntryPoint\",\"urlTemplate\":\"https:\\\/\\\/academy.effseit.com\\\/?s={search_term_string}\"},\"query-input\":{\"@type\":\"PropertyValueSpecification\",\"valueRequired\":true,\"valueName\":\"search_term_string\"}}],\"inLanguage\":\"fr-FR\"}]}<\/script>\n<!-- \/ Yoast SEO plugin. -->","yoast_head_json":{"title":"Sensibilisation cybers\u00e9curit\u00e9- administratif - EFFSEIT ACADEMY","robots":{"index":"index","follow":"follow","max-snippet":"max-snippet:-1","max-image-preview":"max-image-preview:large","max-video-preview":"max-video-preview:-1"},"canonical":"https:\/\/academy.effseit.com\/?product=sensibilisation-cybersecurite-administratif-2","og_locale":"fr_FR","og_type":"article","og_title":"Sensibilisation cybers\u00e9curit\u00e9- administratif - EFFSEIT ACADEMY","og_description":"OBJECTIFS Sensibiliser les \u00e9quipes administratives aux dangers et aux bonnes pratiques en mati\u00e8re de cybers\u00e9curit\u00e9. OBJECTIFS P\u00c9DAGOGIQUE \u2022 Lister les principaux risques de cybers\u00e9curit\u00e9. \u2022 Appliquer les bonnes pratiques de s\u00e9curit\u00e9 informatique. \u2022 S\u00e9lectionner et solliciter les acteurs comp\u00e9tents pour traiter un incident. \u2022 Mettre en \u0153uvre des mesures pour prot\u00e9ger les donn\u00e9es sensibles. \u2022&hellip; Lire la suite","og_url":"https:\/\/academy.effseit.com\/?product=sensibilisation-cybersecurite-administratif-2","og_site_name":"EFFSEIT ACADEMY","article_modified_time":"2025-07-30T08:43:19+00:00","og_image":[{"width":1024,"height":1024,"url":"https:\/\/academy.effseit.com\/wp-content\/uploads\/2024\/09\/document.jpg","type":"image\/jpeg"}],"twitter_card":"summary_large_image","twitter_misc":{"Dur\u00e9e de lecture estim\u00e9e":"1 minute"},"schema":{"@context":"https:\/\/schema.org","@graph":[{"@type":"WebPage","@id":"https:\/\/academy.effseit.com\/?product=sensibilisation-cybersecurite-administratif-2","url":"https:\/\/academy.effseit.com\/?product=sensibilisation-cybersecurite-administratif-2","name":"Sensibilisation cybers\u00e9curit\u00e9- administratif - EFFSEIT ACADEMY","isPartOf":{"@id":"https:\/\/academy.effseit.com\/#website"},"primaryImageOfPage":{"@id":"https:\/\/academy.effseit.com\/?product=sensibilisation-cybersecurite-administratif-2#primaryimage"},"image":{"@id":"https:\/\/academy.effseit.com\/?product=sensibilisation-cybersecurite-administratif-2#primaryimage"},"thumbnailUrl":"https:\/\/academy.effseit.com\/wp-content\/uploads\/2024\/09\/document.jpg","datePublished":"2025-07-30T08:34:36+00:00","dateModified":"2025-07-30T08:43:19+00:00","breadcrumb":{"@id":"https:\/\/academy.effseit.com\/?product=sensibilisation-cybersecurite-administratif-2#breadcrumb"},"inLanguage":"fr-FR","potentialAction":[{"@type":"ReadAction","target":["https:\/\/academy.effseit.com\/?product=sensibilisation-cybersecurite-administratif-2"]}]},{"@type":"ImageObject","inLanguage":"fr-FR","@id":"https:\/\/academy.effseit.com\/?product=sensibilisation-cybersecurite-administratif-2#primaryimage","url":"https:\/\/academy.effseit.com\/wp-content\/uploads\/2024\/09\/document.jpg","contentUrl":"https:\/\/academy.effseit.com\/wp-content\/uploads\/2024\/09\/document.jpg","width":1024,"height":1024},{"@type":"BreadcrumbList","@id":"https:\/\/academy.effseit.com\/?product=sensibilisation-cybersecurite-administratif-2#breadcrumb","itemListElement":[{"@type":"ListItem","position":1,"name":"Accueil","item":"https:\/\/academy.effseit.com\/"},{"@type":"ListItem","position":2,"name":"Boutique","item":"https:\/\/academy.effseit.com\/?page_id=1867"},{"@type":"ListItem","position":3,"name":"Sensibilisation cybers\u00e9curit\u00e9- administratif"}]},{"@type":"WebSite","@id":"https:\/\/academy.effseit.com\/#website","url":"https:\/\/academy.effseit.com\/","name":"EFFSEIT ACADEMY","description":"Votre formation, Votre protection","potentialAction":[{"@type":"SearchAction","target":{"@type":"EntryPoint","urlTemplate":"https:\/\/academy.effseit.com\/?s={search_term_string}"},"query-input":{"@type":"PropertyValueSpecification","valueRequired":true,"valueName":"search_term_string"}}],"inLanguage":"fr-FR"}]}},"_links":{"self":[{"href":"https:\/\/academy.effseit.com\/index.php?rest_route=\/wp\/v2\/product\/1918","targetHints":{"allow":["GET"]}}],"collection":[{"href":"https:\/\/academy.effseit.com\/index.php?rest_route=\/wp\/v2\/product"}],"about":[{"href":"https:\/\/academy.effseit.com\/index.php?rest_route=\/wp\/v2\/types\/product"}],"wp:featuredmedia":[{"embeddable":true,"href":"https:\/\/academy.effseit.com\/index.php?rest_route=\/wp\/v2\/media\/1877"}],"wp:attachment":[{"href":"https:\/\/academy.effseit.com\/index.php?rest_route=%2Fwp%2Fv2%2Fmedia&parent=1918"}],"wp:term":[{"taxonomy":"product_brand","embeddable":true,"href":"https:\/\/academy.effseit.com\/index.php?rest_route=%2Fwp%2Fv2%2Fproduct_brand&post=1918"},{"taxonomy":"product_cat","embeddable":true,"href":"https:\/\/academy.effseit.com\/index.php?rest_route=%2Fwp%2Fv2%2Fproduct_cat&post=1918"},{"taxonomy":"product_tag","embeddable":true,"href":"https:\/\/academy.effseit.com\/index.php?rest_route=%2Fwp%2Fv2%2Fproduct_tag&post=1918"}],"curies":[{"name":"wp","href":"https:\/\/api.w.org\/{rel}","templated":true}]}}