{"id":960,"date":"2024-06-07T11:54:41","date_gmt":"2024-06-07T11:54:41","guid":{"rendered":"https:\/\/academy.effseit.com\/?page_id=960"},"modified":"2024-06-14T13:47:32","modified_gmt":"2024-06-14T13:47:32","slug":"mots-de-passe","status":"publish","type":"page","link":"https:\/\/academy.effseit.com\/?page_id=960","title":{"rendered":"Mots de passe"},"content":{"rendered":"\n<p class=\"has-text-color has-link-color has-medium-font-size wp-elements-7bb35eedc2fa23b86490af0780dbaa1e\" style=\"color:#07314a66\"><strong>Nos formations \u00e0 la s\u00e9curit\u00e9 de mails<\/strong><\/p>\n\n\n\n<div style=\"height:10px\" aria-hidden=\"true\" class=\"wp-block-spacer\"><\/div>\n\n\n\n<p class=\"parag\" style=\"letter-spacing:1px\">Bienvenue dans notre programme de formations autour de la gestion s\u00e9curis\u00e9e des mots de passe, con\u00e7u sp\u00e9cifiquement pour les employ\u00e9s des TPE et PME. Nos formations visent \u00e0 \u00e9quiper les employ\u00e9s de toutes les comp\u00e9tences n\u00e9cessaires pour maintenir la s\u00e9curit\u00e9 des comptes professionnels et personnels. En suivant nos formations, vous apprendrez \u00e0 cr\u00e9er, stocker et g\u00e9rer vos mots de passe de mani\u00e8re s\u00fbre, minimisant ainsi les risques li\u00e9s aux cybermenaces. Choisissez parmi nos diff\u00e9rentes formations en fonction de vos besoins sp\u00e9cifiques, et contribuez activement \u00e0 renforcer la s\u00e9curit\u00e9 num\u00e9rique de votre entreprise.<\/p>\n\n\n\n<div style=\"height:100px\" aria-hidden=\"true\" class=\"wp-block-spacer\"><\/div>\n\n\n\n<div class=\"wp-block-cover aligncenter has-parallax\" style=\"min-height:100vh;aspect-ratio:unset;\"><span aria-hidden=\"true\" class=\"wp-block-cover__background has-background-dim\" style=\"background-color:#716267\"><\/span><div class=\"wp-block-cover__image-background wp-image-1129 has-parallax\" style=\"background-position:50% 50%;background-image:url(https:\/\/academy.effseit.com\/wp-content\/uploads\/2024\/06\/abstract-modern-viva-magenta-background-with-liquid-waves-innovation-technology-concept-luxury-backdrop-geometric-modern-digital-wallpaper-copy-space-trendy-color-2023-year-art-fractal_735953-391.avif)\"><\/div><div class=\"wp-block-cover__inner-container is-layout-constrained wp-block-cover-is-layout-constrained\">\n<div style=\"height:19px\" aria-hidden=\"true\" class=\"wp-block-spacer\"><\/div>\n\n\n\n<p class=\"has-text-align-center titre has-large-font-size\" style=\"font-style:normal;font-weight:300;letter-spacing:3px\"><strong>Initiation \u00e0 la S\u00e9curit\u00e9 des Emails<\/strong><\/p>\n\n\n\n<div style=\"height:24px\" aria-hidden=\"true\" class=\"wp-block-spacer\"><\/div>\n\n\n\n<div class=\"wp-block-columns has-small-font-size is-layout-flex wp-container-core-columns-is-layout-9d6595d7 wp-block-columns-is-layout-flex\">\n<div class=\"wp-block-column is-layout-flow wp-block-column-is-layout-flow\" style=\"flex-basis:33.33%\">\n<div class=\"wp-block-buttons is-horizontal is-content-justification-center is-nowrap is-layout-flex wp-container-core-buttons-is-layout-fc65f29c wp-block-buttons-is-layout-flex\">\n<div class=\"wp-block-button has-custom-font-size has-small-font-size\" style=\"font-style:normal;font-weight:600\"><a class=\"wp-block-button__link has-white-background-color has-text-color has-background has-link-color wp-element-button\" style=\"color:#92344c\">Dur\u00e9e : 1 mois<\/a><\/div>\n\n\n\n<div class=\"wp-block-button has-custom-font-size has-small-font-size\" style=\"font-style:normal;font-weight:600\"><a class=\"wp-block-button__link has-white-background-color has-text-color has-background has-link-color wp-element-button\" style=\"color:#92344c\">Niveau: D\u00e9butant<\/a><\/div>\n<\/div>\n\n\n\n<div style=\"height:49px\" aria-hidden=\"true\" class=\"wp-block-spacer\"><\/div>\n\n\n<div class=\"wp-block-image is-style-rounded wp-duotone-unset-1\">\n<figure class=\"aligncenter size-full is-resized\"><img fetchpriority=\"high\" decoding=\"async\" width=\"450\" height=\"450\" src=\"https:\/\/academy.effseit.com\/wp-content\/uploads\/2024\/06\/what-is-cybersecurity-icon.jpg\" alt=\"\" class=\"wp-image-1090\" style=\"object-fit:cover;width:200px;height:auto\" srcset=\"https:\/\/academy.effseit.com\/wp-content\/uploads\/2024\/06\/what-is-cybersecurity-icon.jpg 450w, https:\/\/academy.effseit.com\/wp-content\/uploads\/2024\/06\/what-is-cybersecurity-icon-300x300.jpg 300w, https:\/\/academy.effseit.com\/wp-content\/uploads\/2024\/06\/what-is-cybersecurity-icon-100x100.jpg 100w, https:\/\/academy.effseit.com\/wp-content\/uploads\/2024\/06\/what-is-cybersecurity-icon-150x150.jpg 150w\" sizes=\"(max-width: 450px) 100vw, 450px\" \/><\/figure>\n<\/div>\n\n\n<p><br><\/p>\n<\/div>\n\n\n\n<div class=\"wp-block-column is-layout-flow wp-block-column-is-layout-flow\" style=\"flex-basis:66.66%\">\n<div style=\"height:36px\" aria-hidden=\"true\" class=\"wp-block-spacer\"><\/div>\n\n\n\n<p style=\"font-size:16px;font-style:normal;font-weight:300;letter-spacing:2px\">Cette formation est con\u00e7ue pour les employ\u00e9s sans connaissances pr\u00e9alables en cybers\u00e9curit\u00e9. <\/p>\n\n\n\n<p style=\"font-size:16px;font-style:normal;font-weight:300;letter-spacing:2px\">Elle offre une introduction aux concepts fondamentaux de la s\u00e9curit\u00e9 des emails, incluant la reconnaissance des tentatives de phishing, l&rsquo;importance des mots de passe robustes, et les bonnes pratiques pour maintenir la s\u00e9curit\u00e9 des communications \u00e9lectroniques.<\/p>\n\n\n\n<p style=\"font-size:16px;font-style:normal;font-weight:300;letter-spacing:2px\"> \u00c0 travers des modules interactifs et des exercices pratiques, les participants acquerront les bases n\u00e9cessaires pour identifier et \u00e9viter les menaces courantes, contribuant ainsi \u00e0 la protection globale de l&rsquo;entreprise.<\/p>\n\n\n\n<div style=\"height:18px\" aria-hidden=\"true\" class=\"wp-block-spacer\"><\/div>\n<\/div>\n<\/div>\n\n\n\n<div class=\"wp-block-buttons is-content-justification-right is-layout-flex wp-container-core-buttons-is-layout-765c4724 wp-block-buttons-is-layout-flex\">\n<div class=\"wp-block-button has-custom-font-size is-style-outline is-style-outline--2\" style=\"font-size:17px;font-style:normal;font-weight:600\"><a class=\"wp-block-button__link has-white-background-color has-text-color has-background has-link-color has-text-align-center wp-element-button\" style=\"color:#92344c\">S&rsquo;inscrire \u00e0 la formation<\/a><\/div>\n<\/div>\n\n\n\n<div style=\"height:62px\" aria-hidden=\"true\" class=\"wp-block-spacer\"><\/div>\n<\/div><\/div>\n\n\n\n<div style=\"height:100px\" aria-hidden=\"true\" class=\"wp-block-spacer\"><\/div>\n\n\n\n<div class=\"wp-block-cover aligncenter has-parallax\" style=\"min-height:100vh;aspect-ratio:unset;\"><span aria-hidden=\"true\" class=\"wp-block-cover__background has-background-dim\" style=\"background-color:#716267\"><\/span><div class=\"wp-block-cover__image-background wp-image-1129 has-parallax\" style=\"background-position:50% 50%;background-image:url(https:\/\/academy.effseit.com\/wp-content\/uploads\/2024\/06\/abstract-modern-viva-magenta-background-with-liquid-waves-innovation-technology-concept-luxury-backdrop-geometric-modern-digital-wallpaper-copy-space-trendy-color-2023-year-art-fractal_735953-391.avif)\"><\/div><div class=\"wp-block-cover__inner-container is-layout-constrained wp-block-cover-is-layout-constrained\">\n<div style=\"height:19px\" aria-hidden=\"true\" class=\"wp-block-spacer\"><\/div>\n\n\n\n<p class=\"has-text-align-center titre has-large-font-size\" style=\"font-style:normal;font-weight:300;letter-spacing:3px\"><strong>Techniques de S\u00e9curit\u00e9 des Mots de Passe<\/strong><\/p>\n\n\n\n<div style=\"height:24px\" aria-hidden=\"true\" class=\"wp-block-spacer\"><\/div>\n\n\n\n<div class=\"wp-block-columns has-small-font-size is-layout-flex wp-container-core-columns-is-layout-9d6595d7 wp-block-columns-is-layout-flex\">\n<div class=\"wp-block-column is-layout-flow wp-block-column-is-layout-flow\" style=\"flex-basis:33.33%\">\n<div class=\"wp-block-buttons is-horizontal is-content-justification-center is-nowrap is-layout-flex wp-container-core-buttons-is-layout-fc65f29c wp-block-buttons-is-layout-flex\">\n<div class=\"wp-block-button has-custom-font-size has-small-font-size\" style=\"font-style:normal;font-weight:600\"><a class=\"wp-block-button__link has-white-background-color has-text-color has-background has-link-color wp-element-button\" style=\"color:#92344c\">Dur\u00e9e : 3 mois<\/a><\/div>\n\n\n\n<div class=\"wp-block-button has-custom-font-size has-small-font-size\" style=\"font-style:normal;font-weight:600\"><a class=\"wp-block-button__link has-white-background-color has-text-color has-background has-link-color wp-element-button\" style=\"color:#92344c\">Niveau: Interm\u00e9diaire<\/a><\/div>\n<\/div>\n\n\n\n<div style=\"height:49px\" aria-hidden=\"true\" class=\"wp-block-spacer\"><\/div>\n\n\n<div class=\"wp-block-image is-style-rounded wp-duotone-unset-3\">\n<figure class=\"aligncenter size-full is-resized\"><img decoding=\"async\" width=\"1848\" height=\"1036\" src=\"https:\/\/academy.effseit.com\/wp-content\/uploads\/2024\/06\/Screenshot2022-08-23at9.58.33PM.png\" alt=\"\" class=\"wp-image-1109\" style=\"aspect-ratio:1;object-fit:cover;width:202px;height:auto\" srcset=\"https:\/\/academy.effseit.com\/wp-content\/uploads\/2024\/06\/Screenshot2022-08-23at9.58.33PM.png 1848w, https:\/\/academy.effseit.com\/wp-content\/uploads\/2024\/06\/Screenshot2022-08-23at9.58.33PM-600x336.png 600w, https:\/\/academy.effseit.com\/wp-content\/uploads\/2024\/06\/Screenshot2022-08-23at9.58.33PM-300x168.png 300w, https:\/\/academy.effseit.com\/wp-content\/uploads\/2024\/06\/Screenshot2022-08-23at9.58.33PM-1024x574.png 1024w, https:\/\/academy.effseit.com\/wp-content\/uploads\/2024\/06\/Screenshot2022-08-23at9.58.33PM-768x431.png 768w, https:\/\/academy.effseit.com\/wp-content\/uploads\/2024\/06\/Screenshot2022-08-23at9.58.33PM-1536x861.png 1536w\" sizes=\"(max-width: 1848px) 100vw, 1848px\" \/><\/figure>\n<\/div>\n\n\n<p><br><\/p>\n<\/div>\n\n\n\n<div class=\"wp-block-column is-layout-flow wp-block-column-is-layout-flow\" style=\"flex-basis:66.66%\">\n<div style=\"height:36px\" aria-hidden=\"true\" class=\"wp-block-spacer\"><\/div>\n\n\n\n<p style=\"font-size:16px;font-style:normal;font-weight:300;letter-spacing:2px\">Approfondissez vos comp\u00e9tences en s\u00e9curit\u00e9 des mots de passe avec cette formation avanc\u00e9e de trois mois. Vous explorerez des techniques avanc\u00e9es de cr\u00e9ation de mots de passe s\u00e9curis\u00e9s en utilisant des m\u00e9thodes telles que la cryptographie \u00e0 cl\u00e9 publique et la biom\u00e9trie. <\/p>\n\n\n\n<p style=\"font-size:16px;font-style:normal;font-weight:300;letter-spacing:2px\">Vous apprendrez \u00e9galement \u00e0 mettre en place des strat\u00e9gies de gestion des mots de passe pour des environnements professionnels, y compris la mise en \u0153uvre de politiques de s\u00e9curit\u00e9 et l&rsquo;int\u00e9gration de l&rsquo;authentification \u00e0 deux facteurs. <\/p>\n\n\n\n<p style=\"font-size:16px;font-style:normal;font-weight:300;letter-spacing:2px\">\u00c0 la fin de cette formation, vous serez en mesure de prot\u00e9ger de mani\u00e8re proactive vos donn\u00e9es professionnelles et personnelles contre les menaces en ligne.<\/p>\n\n\n\n<div style=\"height:18px\" aria-hidden=\"true\" class=\"wp-block-spacer\"><\/div>\n\n\n\n<div class=\"wp-block-buttons is-content-justification-right is-layout-flex wp-container-core-buttons-is-layout-765c4724 wp-block-buttons-is-layout-flex\">\n<div class=\"wp-block-button has-custom-font-size\" style=\"font-size:16px;font-style:normal;font-weight:600\"><a class=\"wp-block-button__link has-white-background-color has-text-color has-background has-link-color has-text-align-right wp-element-button\" style=\"color:#92344c\">S&rsquo;inscrire \u00e0 la formation<\/a><\/div>\n<\/div>\n<\/div>\n<\/div>\n\n\n\n<div style=\"height:62px\" aria-hidden=\"true\" class=\"wp-block-spacer\"><\/div>\n<\/div><\/div>\n\n\n\n<div style=\"height:100px\" aria-hidden=\"true\" class=\"wp-block-spacer\"><\/div>\n\n\n\n<div class=\"wp-block-cover aligncenter has-parallax\" style=\"min-height:100vh;aspect-ratio:unset;\"><span aria-hidden=\"true\" class=\"wp-block-cover__background has-background-dim\" style=\"background-color:#716267\"><\/span><div class=\"wp-block-cover__image-background wp-image-1129 has-parallax\" style=\"background-position:50% 50%;background-image:url(https:\/\/academy.effseit.com\/wp-content\/uploads\/2024\/06\/abstract-modern-viva-magenta-background-with-liquid-waves-innovation-technology-concept-luxury-backdrop-geometric-modern-digital-wallpaper-copy-space-trendy-color-2023-year-art-fractal_735953-391.avif)\"><\/div><div class=\"wp-block-cover__inner-container is-layout-constrained wp-block-cover-is-layout-constrained\">\n<div style=\"height:19px\" aria-hidden=\"true\" class=\"wp-block-spacer\"><\/div>\n\n\n\n<p class=\"has-text-align-center titre has-large-font-size\" style=\"font-style:normal;font-weight:300;letter-spacing:3px\"><strong>S\u00e9curit\u00e9 des Mots de Passe pour les Entreprises<\/strong><\/p>\n\n\n\n<div style=\"height:24px\" aria-hidden=\"true\" class=\"wp-block-spacer\"><\/div>\n\n\n\n<div class=\"wp-block-columns has-small-font-size is-layout-flex wp-container-core-columns-is-layout-9d6595d7 wp-block-columns-is-layout-flex\">\n<div class=\"wp-block-column is-layout-flow wp-block-column-is-layout-flow\" style=\"flex-basis:33.33%\">\n<div style=\"height:62px\" aria-hidden=\"true\" class=\"wp-block-spacer\"><\/div>\n\n\n\n<div class=\"wp-block-buttons is-horizontal is-content-justification-center is-nowrap is-layout-flex wp-container-core-buttons-is-layout-fc65f29c wp-block-buttons-is-layout-flex\">\n<div class=\"wp-block-button has-custom-font-size has-small-font-size\" style=\"font-style:normal;font-weight:600\"><a class=\"wp-block-button__link has-white-background-color has-text-color has-background has-link-color wp-element-button\" style=\"color:#92344c\">Dur\u00e9e : 6 mois<\/a><\/div>\n\n\n\n<div class=\"wp-block-button has-custom-font-size has-small-font-size\" style=\"font-style:normal;font-weight:600\"><a class=\"wp-block-button__link has-white-background-color has-text-color has-background has-link-color wp-element-button\" style=\"color:#92344c\">Niveau: Avanc\u00e9<\/a><\/div>\n<\/div>\n\n\n\n<div style=\"height:49px\" aria-hidden=\"true\" class=\"wp-block-spacer\"><\/div>\n\n\n<div class=\"wp-block-image is-style-rounded wp-duotone-unset-4\">\n<figure class=\"aligncenter size-full is-resized\"><img decoding=\"async\" width=\"620\" height=\"300\" src=\"https:\/\/academy.effseit.com\/wp-content\/uploads\/2024\/06\/secc.png\" alt=\"\" class=\"wp-image-1113\" style=\"aspect-ratio:1;object-fit:cover;width:200px;height:auto\" srcset=\"https:\/\/academy.effseit.com\/wp-content\/uploads\/2024\/06\/secc.png 620w, https:\/\/academy.effseit.com\/wp-content\/uploads\/2024\/06\/secc-600x290.png 600w, https:\/\/academy.effseit.com\/wp-content\/uploads\/2024\/06\/secc-300x145.png 300w\" sizes=\"(max-width: 620px) 100vw, 620px\" \/><\/figure>\n<\/div>\n\n\n<p><br><\/p>\n<\/div>\n\n\n\n<div class=\"wp-block-column is-layout-flow wp-block-column-is-layout-flow\" style=\"flex-basis:66.66%\">\n<div style=\"height:36px\" aria-hidden=\"true\" class=\"wp-block-spacer\"><\/div>\n\n\n\n<p style=\"font-size:16px;font-style:normal;font-weight:300;letter-spacing:2px\">Cette formation approfondie de six mois est con\u00e7ue pour les professionnels de la s\u00e9curit\u00e9 informatique et les gestionnaires de syst\u00e8mes. Vous apprendrez \u00e0 concevoir, mettre en \u0153uvre et g\u00e9rer des politiques de s\u00e9curit\u00e9 des mots de passe \u00e0 l&rsquo;\u00e9chelle de l&rsquo;entreprise. <\/p>\n\n\n\n<p style=\"font-size:16px;font-style:normal;font-weight:300;letter-spacing:2px\">En explorant les d\u00e9fis sp\u00e9cifiques auxquels sont confront\u00e9es les organisations, vous d\u00e9couvrirez des solutions adapt\u00e9es pour renforcer la s\u00e9curit\u00e9 des mots de passe, y compris la gestion des identit\u00e9s, la conformit\u00e9 r\u00e9glementaire et la sensibilisation des employ\u00e9s. <\/p>\n\n\n\n<p style=\"font-size:16px;font-style:normal;font-weight:300;letter-spacing:2px\">\u00c0 la fin de cette formation, vous serez pr\u00eat(e) \u00e0 prot\u00e9ger efficacement les actifs num\u00e9riques de votre entreprise contre les attaques bas\u00e9es sur les mots de passe.<\/p>\n\n\n\n<div style=\"height:18px\" aria-hidden=\"true\" class=\"wp-block-spacer\"><\/div>\n\n\n\n<div class=\"wp-block-buttons is-content-justification-right is-layout-flex wp-container-core-buttons-is-layout-765c4724 wp-block-buttons-is-layout-flex\">\n<div class=\"wp-block-button has-custom-font-size\" style=\"font-size:16px;font-style:normal;font-weight:600\"><a class=\"wp-block-button__link has-white-background-color has-text-color has-background has-link-color has-text-align-right wp-element-button\" style=\"color:#92344c\">S&rsquo;inscrire \u00e0 la formation<\/a><\/div>\n<\/div>\n<\/div>\n<\/div>\n\n\n\n<div style=\"height:62px\" aria-hidden=\"true\" class=\"wp-block-spacer\"><\/div>\n<\/div><\/div>\n","protected":false},"excerpt":{"rendered":"<p>Nos formations \u00e0 la s\u00e9curit\u00e9 de mails Bienvenue dans notre programme de formations autour de la gestion s\u00e9curis\u00e9e des mots de passe, con\u00e7u sp\u00e9cifiquement pour les employ\u00e9s des TPE et PME. Nos formations visent \u00e0 \u00e9quiper les employ\u00e9s de toutes les comp\u00e9tences n\u00e9cessaires pour maintenir la s\u00e9curit\u00e9 des comptes professionnels et personnels. En suivant nos&hellip; <br \/> <a class=\"read-more\" href=\"https:\/\/academy.effseit.com\/?page_id=960\">Lire la suite<\/a><\/p>\n","protected":false},"author":1,"featured_media":0,"parent":0,"menu_order":0,"comment_status":"closed","ping_status":"closed","template":"","meta":{"footnotes":""},"class_list":["post-960","page","type-page","status-publish","hentry"],"yoast_head":"<!-- This site is optimized with the Yoast SEO plugin v27.4 - https:\/\/yoast.com\/product\/yoast-seo-wordpress\/ -->\n<title>Mots de passe - EFFSEIT ACADEMY<\/title>\n<meta name=\"robots\" content=\"index, follow, max-snippet:-1, max-image-preview:large, max-video-preview:-1\" \/>\n<link rel=\"canonical\" href=\"https:\/\/academy.effseit.com\/?page_id=960\" \/>\n<meta property=\"og:locale\" content=\"fr_FR\" \/>\n<meta property=\"og:type\" content=\"article\" \/>\n<meta property=\"og:title\" content=\"Mots de passe - EFFSEIT ACADEMY\" \/>\n<meta property=\"og:description\" content=\"Nos formations \u00e0 la s\u00e9curit\u00e9 de mails Bienvenue dans notre programme de formations autour de la gestion s\u00e9curis\u00e9e des mots de passe, con\u00e7u sp\u00e9cifiquement pour les employ\u00e9s des TPE et PME. Nos formations visent \u00e0 \u00e9quiper les employ\u00e9s de toutes les comp\u00e9tences n\u00e9cessaires pour maintenir la s\u00e9curit\u00e9 des comptes professionnels et personnels. En suivant nos&hellip; Lire la suite\" \/>\n<meta property=\"og:url\" content=\"https:\/\/academy.effseit.com\/?page_id=960\" \/>\n<meta property=\"og:site_name\" content=\"EFFSEIT ACADEMY\" \/>\n<meta property=\"article:modified_time\" content=\"2024-06-14T13:47:32+00:00\" \/>\n<meta property=\"og:image\" content=\"https:\/\/academy.effseit.com\/wp-content\/uploads\/2024\/06\/what-is-cybersecurity-icon.jpg\" \/>\n<meta name=\"twitter:card\" content=\"summary_large_image\" \/>\n<meta name=\"twitter:label1\" content=\"Dur\u00e9e de lecture estim\u00e9e\" \/>\n\t<meta name=\"twitter:data1\" content=\"3 minutes\" \/>\n<script type=\"application\/ld+json\" class=\"yoast-schema-graph\">{\"@context\":\"https:\\\/\\\/schema.org\",\"@graph\":[{\"@type\":\"WebPage\",\"@id\":\"https:\\\/\\\/academy.effseit.com\\\/?page_id=960\",\"url\":\"https:\\\/\\\/academy.effseit.com\\\/?page_id=960\",\"name\":\"Mots de passe - EFFSEIT ACADEMY\",\"isPartOf\":{\"@id\":\"https:\\\/\\\/academy.effseit.com\\\/#website\"},\"primaryImageOfPage\":{\"@id\":\"https:\\\/\\\/academy.effseit.com\\\/?page_id=960#primaryimage\"},\"image\":{\"@id\":\"https:\\\/\\\/academy.effseit.com\\\/?page_id=960#primaryimage\"},\"thumbnailUrl\":\"https:\\\/\\\/academy.effseit.com\\\/wp-content\\\/uploads\\\/2024\\\/06\\\/what-is-cybersecurity-icon.jpg\",\"datePublished\":\"2024-06-07T11:54:41+00:00\",\"dateModified\":\"2024-06-14T13:47:32+00:00\",\"breadcrumb\":{\"@id\":\"https:\\\/\\\/academy.effseit.com\\\/?page_id=960#breadcrumb\"},\"inLanguage\":\"fr-FR\",\"potentialAction\":[{\"@type\":\"ReadAction\",\"target\":[\"https:\\\/\\\/academy.effseit.com\\\/?page_id=960\"]}]},{\"@type\":\"ImageObject\",\"inLanguage\":\"fr-FR\",\"@id\":\"https:\\\/\\\/academy.effseit.com\\\/?page_id=960#primaryimage\",\"url\":\"https:\\\/\\\/academy.effseit.com\\\/wp-content\\\/uploads\\\/2024\\\/06\\\/what-is-cybersecurity-icon.jpg\",\"contentUrl\":\"https:\\\/\\\/academy.effseit.com\\\/wp-content\\\/uploads\\\/2024\\\/06\\\/what-is-cybersecurity-icon.jpg\",\"width\":450,\"height\":450},{\"@type\":\"BreadcrumbList\",\"@id\":\"https:\\\/\\\/academy.effseit.com\\\/?page_id=960#breadcrumb\",\"itemListElement\":[{\"@type\":\"ListItem\",\"position\":1,\"name\":\"Accueil\",\"item\":\"https:\\\/\\\/academy.effseit.com\\\/\"},{\"@type\":\"ListItem\",\"position\":2,\"name\":\"Mots de passe\"}]},{\"@type\":\"WebSite\",\"@id\":\"https:\\\/\\\/academy.effseit.com\\\/#website\",\"url\":\"https:\\\/\\\/academy.effseit.com\\\/\",\"name\":\"EFFSEIT ACADEMY\",\"description\":\"Votre formation, Votre protection\",\"potentialAction\":[{\"@type\":\"SearchAction\",\"target\":{\"@type\":\"EntryPoint\",\"urlTemplate\":\"https:\\\/\\\/academy.effseit.com\\\/?s={search_term_string}\"},\"query-input\":{\"@type\":\"PropertyValueSpecification\",\"valueRequired\":true,\"valueName\":\"search_term_string\"}}],\"inLanguage\":\"fr-FR\"}]}<\/script>\n<!-- \/ Yoast SEO plugin. -->","yoast_head_json":{"title":"Mots de passe - EFFSEIT ACADEMY","robots":{"index":"index","follow":"follow","max-snippet":"max-snippet:-1","max-image-preview":"max-image-preview:large","max-video-preview":"max-video-preview:-1"},"canonical":"https:\/\/academy.effseit.com\/?page_id=960","og_locale":"fr_FR","og_type":"article","og_title":"Mots de passe - EFFSEIT ACADEMY","og_description":"Nos formations \u00e0 la s\u00e9curit\u00e9 de mails Bienvenue dans notre programme de formations autour de la gestion s\u00e9curis\u00e9e des mots de passe, con\u00e7u sp\u00e9cifiquement pour les employ\u00e9s des TPE et PME. Nos formations visent \u00e0 \u00e9quiper les employ\u00e9s de toutes les comp\u00e9tences n\u00e9cessaires pour maintenir la s\u00e9curit\u00e9 des comptes professionnels et personnels. En suivant nos&hellip; Lire la suite","og_url":"https:\/\/academy.effseit.com\/?page_id=960","og_site_name":"EFFSEIT ACADEMY","article_modified_time":"2024-06-14T13:47:32+00:00","og_image":[{"url":"https:\/\/academy.effseit.com\/wp-content\/uploads\/2024\/06\/what-is-cybersecurity-icon.jpg","type":"","width":"","height":""}],"twitter_card":"summary_large_image","twitter_misc":{"Dur\u00e9e de lecture estim\u00e9e":"3 minutes"},"schema":{"@context":"https:\/\/schema.org","@graph":[{"@type":"WebPage","@id":"https:\/\/academy.effseit.com\/?page_id=960","url":"https:\/\/academy.effseit.com\/?page_id=960","name":"Mots de passe - EFFSEIT ACADEMY","isPartOf":{"@id":"https:\/\/academy.effseit.com\/#website"},"primaryImageOfPage":{"@id":"https:\/\/academy.effseit.com\/?page_id=960#primaryimage"},"image":{"@id":"https:\/\/academy.effseit.com\/?page_id=960#primaryimage"},"thumbnailUrl":"https:\/\/academy.effseit.com\/wp-content\/uploads\/2024\/06\/what-is-cybersecurity-icon.jpg","datePublished":"2024-06-07T11:54:41+00:00","dateModified":"2024-06-14T13:47:32+00:00","breadcrumb":{"@id":"https:\/\/academy.effseit.com\/?page_id=960#breadcrumb"},"inLanguage":"fr-FR","potentialAction":[{"@type":"ReadAction","target":["https:\/\/academy.effseit.com\/?page_id=960"]}]},{"@type":"ImageObject","inLanguage":"fr-FR","@id":"https:\/\/academy.effseit.com\/?page_id=960#primaryimage","url":"https:\/\/academy.effseit.com\/wp-content\/uploads\/2024\/06\/what-is-cybersecurity-icon.jpg","contentUrl":"https:\/\/academy.effseit.com\/wp-content\/uploads\/2024\/06\/what-is-cybersecurity-icon.jpg","width":450,"height":450},{"@type":"BreadcrumbList","@id":"https:\/\/academy.effseit.com\/?page_id=960#breadcrumb","itemListElement":[{"@type":"ListItem","position":1,"name":"Accueil","item":"https:\/\/academy.effseit.com\/"},{"@type":"ListItem","position":2,"name":"Mots de passe"}]},{"@type":"WebSite","@id":"https:\/\/academy.effseit.com\/#website","url":"https:\/\/academy.effseit.com\/","name":"EFFSEIT ACADEMY","description":"Votre formation, Votre protection","potentialAction":[{"@type":"SearchAction","target":{"@type":"EntryPoint","urlTemplate":"https:\/\/academy.effseit.com\/?s={search_term_string}"},"query-input":{"@type":"PropertyValueSpecification","valueRequired":true,"valueName":"search_term_string"}}],"inLanguage":"fr-FR"}]}},"_links":{"self":[{"href":"https:\/\/academy.effseit.com\/index.php?rest_route=\/wp\/v2\/pages\/960","targetHints":{"allow":["GET"]}}],"collection":[{"href":"https:\/\/academy.effseit.com\/index.php?rest_route=\/wp\/v2\/pages"}],"about":[{"href":"https:\/\/academy.effseit.com\/index.php?rest_route=\/wp\/v2\/types\/page"}],"author":[{"embeddable":true,"href":"https:\/\/academy.effseit.com\/index.php?rest_route=\/wp\/v2\/users\/1"}],"replies":[{"embeddable":true,"href":"https:\/\/academy.effseit.com\/index.php?rest_route=%2Fwp%2Fv2%2Fcomments&post=960"}],"version-history":[{"count":147,"href":"https:\/\/academy.effseit.com\/index.php?rest_route=\/wp\/v2\/pages\/960\/revisions"}],"predecessor-version":[{"id":1843,"href":"https:\/\/academy.effseit.com\/index.php?rest_route=\/wp\/v2\/pages\/960\/revisions\/1843"}],"wp:attachment":[{"href":"https:\/\/academy.effseit.com\/index.php?rest_route=%2Fwp%2Fv2%2Fmedia&parent=960"}],"curies":[{"name":"wp","href":"https:\/\/api.w.org\/{rel}","templated":true}]}}