{"id":959,"date":"2024-06-07T11:54:23","date_gmt":"2024-06-07T11:54:23","guid":{"rendered":"https:\/\/academy.effseit.com\/?page_id=959"},"modified":"2024-06-14T13:47:49","modified_gmt":"2024-06-14T13:47:49","slug":"phishing","status":"publish","type":"page","link":"https:\/\/academy.effseit.com\/?page_id=959","title":{"rendered":"Phishing"},"content":{"rendered":"\n<p class=\"parag\">Pour aider les TPE et PME \u00e0 se d\u00e9fendre efficacement contre ces attaques, notre centre de formation propose des programmes sp\u00e9cialis\u00e9s en pr\u00e9vention et gestion du phishing. Nos formations, adapt\u00e9es \u00e0 diff\u00e9rents niveaux de comp\u00e9tence, sont con\u00e7ues pour armer vos employ\u00e9s des connaissances n\u00e9cessaires afin de reconna\u00eetre, pr\u00e9venir et r\u00e9pondre aux tentatives de phishing, assurant ainsi une protection robuste de vos donn\u00e9es et de vos syst\u00e8mes.<\/p>\n\n\n\n<div style=\"height:100px\" aria-hidden=\"true\" class=\"wp-block-spacer\"><\/div>\n\n\n\n<div class=\"wp-block-cover aligncenter is-light has-parallax ban\" style=\"min-height:100vh;aspect-ratio:unset;\"><span aria-hidden=\"true\" class=\"wp-block-cover__background has-background-dim-40 has-background-dim\" style=\"background-color:#8b430f\"><\/span><div class=\"wp-block-cover__image-background wp-image-1424 has-parallax\" style=\"background-position:50% 50%;background-image:url(https:\/\/academy.effseit.com\/wp-content\/uploads\/2024\/06\/9b3dc444bb81b68473ef1307b2bcfd7d-1.jpg)\"><\/div><div class=\"wp-block-cover__inner-container is-layout-constrained wp-block-cover-is-layout-constrained\">\n<div style=\"height:19px\" aria-hidden=\"true\" class=\"wp-block-spacer\"><\/div>\n\n\n\n<p class=\"has-text-align-center titre has-white-color has-text-color has-link-color has-large-font-size wp-elements-3f3553ce14e7d6cc6a076dd5df960063\" style=\"font-style:normal;font-weight:400;letter-spacing:3px\"><strong>Pr\u00e9vention du Phishing<\/strong><\/p>\n\n\n\n<div style=\"height:24px\" aria-hidden=\"true\" class=\"wp-block-spacer\"><\/div>\n\n\n\n<div class=\"wp-block-columns has-small-font-size is-layout-flex wp-container-core-columns-is-layout-9d6595d7 wp-block-columns-is-layout-flex\">\n<div class=\"wp-block-column is-layout-flow wp-block-column-is-layout-flow\" style=\"flex-basis:33.33%\">\n<div class=\"wp-block-buttons is-horizontal is-content-justification-center is-nowrap is-layout-flex wp-container-core-buttons-is-layout-fc65f29c wp-block-buttons-is-layout-flex\">\n<div class=\"wp-block-button has-custom-font-size has-small-font-size\" style=\"font-style:normal;font-weight:600\"><a class=\"wp-block-button__link has-white-background-color has-text-color has-background has-link-color wp-element-button\" style=\"color:#af6e3f\">Dur\u00e9e : 6 mois<\/a><\/div>\n\n\n\n<div class=\"wp-block-button has-custom-font-size has-small-font-size\" style=\"font-style:normal;font-weight:600\"><a class=\"wp-block-button__link has-white-background-color has-text-color has-background has-link-color wp-element-button\" style=\"color:#af6e3f\">Niveau: D\u00e9butant<\/a><\/div>\n<\/div>\n\n\n\n<div style=\"height:73px\" aria-hidden=\"true\" class=\"wp-block-spacer\"><\/div>\n\n\n<div class=\"wp-block-image is-style-rounded wp-duotone-unset-1\">\n<figure class=\"aligncenter size-full is-resized\"><img fetchpriority=\"high\" decoding=\"async\" width=\"1000\" height=\"1000\" src=\"https:\/\/academy.effseit.com\/wp-content\/uploads\/2024\/06\/1000_F_511549589_WPY4G39eArCTeOXPRrRhrMSncEtTajtp.jpg\" alt=\"\" class=\"wp-image-1436\" style=\"aspect-ratio:1;object-fit:cover;width:200px;height:auto\" srcset=\"https:\/\/academy.effseit.com\/wp-content\/uploads\/2024\/06\/1000_F_511549589_WPY4G39eArCTeOXPRrRhrMSncEtTajtp.jpg 1000w, https:\/\/academy.effseit.com\/wp-content\/uploads\/2024\/06\/1000_F_511549589_WPY4G39eArCTeOXPRrRhrMSncEtTajtp-300x300.jpg 300w, https:\/\/academy.effseit.com\/wp-content\/uploads\/2024\/06\/1000_F_511549589_WPY4G39eArCTeOXPRrRhrMSncEtTajtp-100x100.jpg 100w, https:\/\/academy.effseit.com\/wp-content\/uploads\/2024\/06\/1000_F_511549589_WPY4G39eArCTeOXPRrRhrMSncEtTajtp-600x600.jpg 600w, https:\/\/academy.effseit.com\/wp-content\/uploads\/2024\/06\/1000_F_511549589_WPY4G39eArCTeOXPRrRhrMSncEtTajtp-150x150.jpg 150w, https:\/\/academy.effseit.com\/wp-content\/uploads\/2024\/06\/1000_F_511549589_WPY4G39eArCTeOXPRrRhrMSncEtTajtp-768x768.jpg 768w\" sizes=\"(max-width: 1000px) 100vw, 1000px\" \/><\/figure>\n<\/div>\n\n\n<p><br><\/p>\n<\/div>\n\n\n\n<div class=\"wp-block-column is-layout-flow wp-block-column-is-layout-flow\" style=\"flex-basis:66.66%\">\n<div style=\"height:36px\" aria-hidden=\"true\" class=\"wp-block-spacer\"><\/div>\n\n\n\n<p class=\"parag2 has-white-color has-text-color has-link-color wp-elements-f15e7745dd39583eb1e41dc7c14cdb07\" style=\"font-size:16px;font-style:normal;font-weight:300;letter-spacing:2px\">Cette formation est id\u00e9ale pour les d\u00e9butants et offre une introduction compl\u00e8te au monde du phishing. <\/p>\n\n\n\n<p class=\"parag2 has-white-color has-text-color has-link-color wp-elements-4d522b71f9900984a27cac1e90d14391\" style=\"font-size:16px;font-style:normal;font-weight:300;letter-spacing:2px\">Les participants apprendront \u00e0 identifier les signes de tentatives d&rsquo;hame\u00e7onnage, \u00e0 comprendre les techniques de base utilis\u00e9es par les cybercriminels, et \u00e0 mettre en place des mesures pr\u00e9ventives simples. <\/p>\n\n\n\n<p class=\"parag2 has-white-color has-text-color has-link-color wp-elements-8f7746ffd96b269cbf0cef72b8e55a8f\" style=\"font-size:16px;font-style:normal;font-weight:300;letter-spacing:2px\">En fin de parcours, vos employ\u00e9s seront capables de naviguer en ligne avec une vigilance accrue, prot\u00e9geant ainsi votre entreprise des attaques les plus courantes.<\/p>\n\n\n\n<div style=\"height:18px\" aria-hidden=\"true\" class=\"wp-block-spacer\"><\/div>\n<\/div>\n<\/div>\n\n\n\n<div class=\"wp-block-buttons is-content-justification-right is-layout-flex wp-container-core-buttons-is-layout-765c4724 wp-block-buttons-is-layout-flex\">\n<div class=\"wp-block-button has-custom-font-size is-style-outline is-style-outline--2\" style=\"font-size:17px;font-style:normal;font-weight:600\"><a class=\"wp-block-button__link has-white-background-color has-text-color has-background has-link-color has-text-align-center wp-element-button\" style=\"color:#af6e3f\">S&rsquo;inscrire \u00e0 la formation<\/a><\/div>\n<\/div>\n\n\n\n<div style=\"height:62px\" aria-hidden=\"true\" class=\"wp-block-spacer\"><\/div>\n<\/div><\/div>\n\n\n\n<div style=\"height:100px\" aria-hidden=\"true\" class=\"wp-block-spacer\"><\/div>\n\n\n\n<div class=\"wp-block-cover aligncenter is-light has-parallax ban\" style=\"min-height:100vh;aspect-ratio:unset;\"><span aria-hidden=\"true\" class=\"wp-block-cover__background has-background-dim-40 has-background-dim\" style=\"background-color:#8b430f\"><\/span><div class=\"wp-block-cover__image-background wp-image-1424 has-parallax\" style=\"background-position:50% 50%;background-image:url(https:\/\/academy.effseit.com\/wp-content\/uploads\/2024\/06\/9b3dc444bb81b68473ef1307b2bcfd7d-1.jpg)\"><\/div><div class=\"wp-block-cover__inner-container is-layout-constrained wp-block-cover-is-layout-constrained\">\n<div style=\"height:19px\" aria-hidden=\"true\" class=\"wp-block-spacer\"><\/div>\n\n\n\n<p class=\"has-text-align-center titre has-white-color has-text-color has-link-color has-large-font-size wp-elements-19007aec55e1eef16df855f8add9ae5d\" style=\"font-style:normal;font-weight:400;letter-spacing:3px\"><strong>D\u00e9tection Avanc\u00e9e de Phishing<\/strong><\/p>\n\n\n\n<div style=\"height:24px\" aria-hidden=\"true\" class=\"wp-block-spacer\"><\/div>\n\n\n\n<div class=\"wp-block-columns has-small-font-size is-layout-flex wp-container-core-columns-is-layout-9d6595d7 wp-block-columns-is-layout-flex\">\n<div class=\"wp-block-column is-layout-flow wp-block-column-is-layout-flow\" style=\"flex-basis:33.33%\">\n<div class=\"wp-block-buttons is-horizontal is-content-justification-center is-nowrap is-layout-flex wp-container-core-buttons-is-layout-fc65f29c wp-block-buttons-is-layout-flex\">\n<div class=\"wp-block-button has-custom-font-size has-small-font-size\" style=\"font-style:normal;font-weight:600\"><a class=\"wp-block-button__link has-white-background-color has-text-color has-background has-link-color wp-element-button\" style=\"color:#af6e3f\">Dur\u00e9e : 4 mois<\/a><\/div>\n\n\n\n<div class=\"wp-block-button has-custom-font-size has-small-font-size\" style=\"font-style:normal;font-weight:600\"><a class=\"wp-block-button__link has-white-background-color has-text-color has-background has-link-color wp-element-button\" style=\"color:#af6e3f\">Niveau: D\u00e9butant<\/a><\/div>\n<\/div>\n\n\n\n<div style=\"height:73px\" aria-hidden=\"true\" class=\"wp-block-spacer\"><\/div>\n\n\n<div class=\"wp-block-image is-style-rounded wp-duotone-unset-3\">\n<figure class=\"aligncenter size-full is-resized\"><img decoding=\"async\" width=\"512\" height=\"512\" src=\"https:\/\/academy.effseit.com\/wp-content\/uploads\/2024\/06\/3d24019f-ec76-4e5e-b037-4ee4de533728.png\" alt=\"\" class=\"wp-image-1441\" style=\"aspect-ratio:1;object-fit:cover;width:200px;height:auto\" srcset=\"https:\/\/academy.effseit.com\/wp-content\/uploads\/2024\/06\/3d24019f-ec76-4e5e-b037-4ee4de533728.png 512w, https:\/\/academy.effseit.com\/wp-content\/uploads\/2024\/06\/3d24019f-ec76-4e5e-b037-4ee4de533728-300x300.png 300w, https:\/\/academy.effseit.com\/wp-content\/uploads\/2024\/06\/3d24019f-ec76-4e5e-b037-4ee4de533728-100x100.png 100w, https:\/\/academy.effseit.com\/wp-content\/uploads\/2024\/06\/3d24019f-ec76-4e5e-b037-4ee4de533728-150x150.png 150w\" sizes=\"(max-width: 512px) 100vw, 512px\" \/><\/figure>\n<\/div>\n\n\n<p><br><\/p>\n<\/div>\n\n\n\n<div class=\"wp-block-column is-layout-flow wp-block-column-is-layout-flow\" style=\"flex-basis:66.66%\">\n<div style=\"height:36px\" aria-hidden=\"true\" class=\"wp-block-spacer\"><\/div>\n\n\n\n<p class=\"parag2 has-white-color has-text-color has-link-color wp-elements-1d57273f2682121aaa4acd6cd121d913\" style=\"font-size:16px;font-style:normal;font-weight:300;letter-spacing:2px\">Destin\u00e9e aux utilisateurs ayant d\u00e9j\u00e0 une connaissance de base en cybers\u00e9curit\u00e9, cette formation interm\u00e9diaire se concentre sur les techniques avanc\u00e9es de d\u00e9tection de phishing. <\/p>\n\n\n\n<p class=\"parag2 has-white-color has-text-color has-link-color wp-elements-a45f6c39e4656067532098aea6629956\" style=\"font-size:16px;font-style:normal;font-weight:300;letter-spacing:2px\">Les participants exploreront les outils et m\u00e9thodes utilis\u00e9s pour identifier des tentatives d&rsquo;hame\u00e7onnage plus sophistiqu\u00e9es, apprendront \u00e0 analyser des courriels suspects et \u00e0 comprendre les signaux d&rsquo;alarme cach\u00e9s. <\/p>\n\n\n\n<p class=\"parag2 has-white-color has-text-color has-link-color wp-elements-fbb6d860a8b00540ee1d8c6405633af9\" style=\"font-size:16px;font-style:normal;font-weight:300;letter-spacing:2px\">Cette formation permettra \u00e0 vos employ\u00e9s de devenir des acteurs proactifs dans la protection de votre entreprise contre les cybermenaces.<\/p>\n\n\n\n<div style=\"height:18px\" aria-hidden=\"true\" class=\"wp-block-spacer\"><\/div>\n<\/div>\n<\/div>\n\n\n\n<div class=\"wp-block-buttons is-content-justification-right is-layout-flex wp-container-core-buttons-is-layout-765c4724 wp-block-buttons-is-layout-flex\">\n<div class=\"wp-block-button has-custom-font-size is-style-outline is-style-outline--4\" style=\"font-size:17px;font-style:normal;font-weight:600\"><a class=\"wp-block-button__link has-white-background-color has-text-color has-background has-link-color has-text-align-right wp-element-button\" style=\"color:#af6e3f\">S&rsquo;inscrire \u00e0 la formation<\/a><\/div>\n<\/div>\n\n\n\n<div style=\"height:62px\" aria-hidden=\"true\" class=\"wp-block-spacer\"><\/div>\n<\/div><\/div>\n\n\n\n<div style=\"height:100px\" aria-hidden=\"true\" class=\"wp-block-spacer\"><\/div>\n\n\n\n<div class=\"wp-block-cover aligncenter is-light has-parallax ban\" style=\"min-height:100vh;aspect-ratio:unset;\"><span aria-hidden=\"true\" class=\"wp-block-cover__background has-background-dim-40 has-background-dim\" style=\"background-color:#8b430f\"><\/span><div class=\"wp-block-cover__image-background wp-image-1424 has-parallax\" style=\"background-position:50% 50%;background-image:url(https:\/\/academy.effseit.com\/wp-content\/uploads\/2024\/06\/9b3dc444bb81b68473ef1307b2bcfd7d-1.jpg)\"><\/div><div class=\"wp-block-cover__inner-container is-layout-constrained wp-block-cover-is-layout-constrained\">\n<div style=\"height:19px\" aria-hidden=\"true\" class=\"wp-block-spacer\"><\/div>\n\n\n\n<p class=\"has-text-align-center titre has-white-color has-text-color has-link-color has-large-font-size wp-elements-faccd60a553b6d8b251a8b761d0c2aab\" style=\"font-style:normal;font-weight:400;letter-spacing:3px\"><strong>Gestion des Incidents de Phishing<\/strong><\/p>\n\n\n\n<div style=\"height:24px\" aria-hidden=\"true\" class=\"wp-block-spacer\"><\/div>\n\n\n\n<div class=\"wp-block-columns has-small-font-size is-layout-flex wp-container-core-columns-is-layout-9d6595d7 wp-block-columns-is-layout-flex\">\n<div class=\"wp-block-column is-layout-flow wp-block-column-is-layout-flow\" style=\"flex-basis:33.33%\">\n<div class=\"wp-block-buttons is-horizontal is-content-justification-center is-nowrap is-layout-flex wp-container-core-buttons-is-layout-fc65f29c wp-block-buttons-is-layout-flex\">\n<div class=\"wp-block-button has-custom-font-size has-small-font-size\" style=\"font-style:normal;font-weight:600\"><a class=\"wp-block-button__link has-white-background-color has-text-color has-background has-link-color wp-element-button\" style=\"color:#af6e3f\">Dur\u00e9e : 3 mois<\/a><\/div>\n\n\n\n<div class=\"wp-block-button has-custom-font-size has-small-font-size\" style=\"font-style:normal;font-weight:600\"><a class=\"wp-block-button__link has-white-background-color has-text-color has-background has-link-color wp-element-button\" style=\"color:#af6e3f\">Niveau: D\u00e9butant<\/a><\/div>\n<\/div>\n\n\n\n<div style=\"height:73px\" aria-hidden=\"true\" class=\"wp-block-spacer\"><\/div>\n\n\n<div class=\"wp-block-image is-style-rounded wp-duotone-unset-5\">\n<figure class=\"aligncenter size-full is-resized\"><img decoding=\"async\" width=\"1000\" height=\"563\" src=\"https:\/\/academy.effseit.com\/wp-content\/uploads\/2024\/06\/2dfa7918-74ac-4a26-b373-e89191219af8.png\" alt=\"\" class=\"wp-image-1440\" style=\"aspect-ratio:1;object-fit:cover;width:200px;height:auto\" srcset=\"https:\/\/academy.effseit.com\/wp-content\/uploads\/2024\/06\/2dfa7918-74ac-4a26-b373-e89191219af8.png 1000w, https:\/\/academy.effseit.com\/wp-content\/uploads\/2024\/06\/2dfa7918-74ac-4a26-b373-e89191219af8-600x338.png 600w, https:\/\/academy.effseit.com\/wp-content\/uploads\/2024\/06\/2dfa7918-74ac-4a26-b373-e89191219af8-300x169.png 300w, https:\/\/academy.effseit.com\/wp-content\/uploads\/2024\/06\/2dfa7918-74ac-4a26-b373-e89191219af8-768x432.png 768w\" sizes=\"(max-width: 1000px) 100vw, 1000px\" \/><\/figure>\n<\/div>\n\n\n<p><br><\/p>\n<\/div>\n\n\n\n<div class=\"wp-block-column is-layout-flow wp-block-column-is-layout-flow\" style=\"flex-basis:66.66%\">\n<div style=\"height:36px\" aria-hidden=\"true\" class=\"wp-block-spacer\"><\/div>\n\n\n\n<p class=\"parag2 has-white-color has-text-color has-link-color wp-elements-e1b6bc864ae1d8f310fec747d92caecc\" style=\"font-size:16px;font-style:normal;font-weight:300;letter-spacing:2px\">Cette formation avanc\u00e9e est con\u00e7ue pour les professionnels de la s\u00e9curit\u00e9 informatique qui souhaitent approfondir leur expertise en gestion des incidents de phishing. <\/p>\n\n\n\n<p class=\"parag2 has-white-color has-text-color has-link-color wp-elements-05ef4ea35a3e5c3b39ad7df74e66a049\" style=\"font-size:16px;font-style:normal;font-weight:300;letter-spacing:2px\">Le programme couvre des sujets tels que la r\u00e9ponse aux incidents, l&rsquo;analyse forensique, et la mise en place de strat\u00e9gies de mitigation apr\u00e8s une attaque. Les participants apprendront \u00e0 g\u00e9rer des situations de crise, \u00e0 restaurer les syst\u00e8mes compromis et \u00e0 renforcer les protocoles de s\u00e9curit\u00e9 pour pr\u00e9venir les futures attaques<\/p>\n\n\n\n<p class=\"parag2 has-white-color has-text-color has-link-color wp-elements-796f7f0675a64031cfa85d0f1cea2f74\" style=\"font-size:16px;font-style:normal;font-weight:300;letter-spacing:2px\">. Gr\u00e2ce \u00e0 cette formation, vos experts seront pr\u00eats \u00e0 prot\u00e9ger efficacement votre entreprise contre les menaces les plus complexes.<\/p>\n\n\n\n<div style=\"height:18px\" aria-hidden=\"true\" class=\"wp-block-spacer\"><\/div>\n<\/div>\n<\/div>\n\n\n\n<div class=\"wp-block-buttons is-content-justification-right is-layout-flex wp-container-core-buttons-is-layout-765c4724 wp-block-buttons-is-layout-flex\">\n<div class=\"wp-block-button has-custom-font-size is-style-outline is-style-outline--6\" style=\"font-size:17px;font-style:normal;font-weight:600\"><a class=\"wp-block-button__link has-white-background-color has-text-color has-background has-link-color has-text-align-right wp-element-button\" style=\"color:#af6e3f\">S&rsquo;inscrire \u00e0 la formation<\/a><\/div>\n<\/div>\n\n\n\n<div style=\"height:62px\" aria-hidden=\"true\" class=\"wp-block-spacer\"><\/div>\n<\/div><\/div>\n","protected":false},"excerpt":{"rendered":"<p>Pour aider les TPE et PME \u00e0 se d\u00e9fendre efficacement contre ces attaques, notre centre de formation propose des programmes sp\u00e9cialis\u00e9s en pr\u00e9vention et gestion du phishing. Nos formations, adapt\u00e9es \u00e0 diff\u00e9rents niveaux de comp\u00e9tence, sont con\u00e7ues pour armer vos employ\u00e9s des connaissances n\u00e9cessaires afin de reconna\u00eetre, pr\u00e9venir et r\u00e9pondre aux tentatives de phishing, assurant&hellip; <br \/> <a class=\"read-more\" href=\"https:\/\/academy.effseit.com\/?page_id=959\">Lire la suite<\/a><\/p>\n","protected":false},"author":1,"featured_media":0,"parent":0,"menu_order":0,"comment_status":"closed","ping_status":"closed","template":"","meta":{"footnotes":""},"class_list":["post-959","page","type-page","status-publish","hentry"],"yoast_head":"<!-- This site is optimized with the Yoast SEO plugin v27.4 - https:\/\/yoast.com\/product\/yoast-seo-wordpress\/ -->\n<title>Phishing - EFFSEIT ACADEMY<\/title>\n<meta name=\"robots\" content=\"index, follow, max-snippet:-1, max-image-preview:large, max-video-preview:-1\" \/>\n<link rel=\"canonical\" href=\"https:\/\/academy.effseit.com\/?page_id=959\" \/>\n<meta property=\"og:locale\" content=\"fr_FR\" \/>\n<meta property=\"og:type\" content=\"article\" \/>\n<meta property=\"og:title\" content=\"Phishing - EFFSEIT ACADEMY\" \/>\n<meta property=\"og:description\" content=\"Pour aider les TPE et PME \u00e0 se d\u00e9fendre efficacement contre ces attaques, notre centre de formation propose des programmes sp\u00e9cialis\u00e9s en pr\u00e9vention et gestion du phishing. Nos formations, adapt\u00e9es \u00e0 diff\u00e9rents niveaux de comp\u00e9tence, sont con\u00e7ues pour armer vos employ\u00e9s des connaissances n\u00e9cessaires afin de reconna\u00eetre, pr\u00e9venir et r\u00e9pondre aux tentatives de phishing, assurant&hellip; Lire la suite\" \/>\n<meta property=\"og:url\" content=\"https:\/\/academy.effseit.com\/?page_id=959\" \/>\n<meta property=\"og:site_name\" content=\"EFFSEIT ACADEMY\" \/>\n<meta property=\"article:modified_time\" content=\"2024-06-14T13:47:49+00:00\" \/>\n<meta property=\"og:image\" content=\"https:\/\/academy.effseit.com\/wp-content\/uploads\/2024\/06\/1000_F_511549589_WPY4G39eArCTeOXPRrRhrMSncEtTajtp.jpg\" \/>\n<meta name=\"twitter:card\" content=\"summary_large_image\" \/>\n<script type=\"application\/ld+json\" class=\"yoast-schema-graph\">{\"@context\":\"https:\\\/\\\/schema.org\",\"@graph\":[{\"@type\":\"WebPage\",\"@id\":\"https:\\\/\\\/academy.effseit.com\\\/?page_id=959\",\"url\":\"https:\\\/\\\/academy.effseit.com\\\/?page_id=959\",\"name\":\"Phishing - EFFSEIT ACADEMY\",\"isPartOf\":{\"@id\":\"https:\\\/\\\/academy.effseit.com\\\/#website\"},\"primaryImageOfPage\":{\"@id\":\"https:\\\/\\\/academy.effseit.com\\\/?page_id=959#primaryimage\"},\"image\":{\"@id\":\"https:\\\/\\\/academy.effseit.com\\\/?page_id=959#primaryimage\"},\"thumbnailUrl\":\"https:\\\/\\\/academy.effseit.com\\\/wp-content\\\/uploads\\\/2024\\\/06\\\/1000_F_511549589_WPY4G39eArCTeOXPRrRhrMSncEtTajtp.jpg\",\"datePublished\":\"2024-06-07T11:54:23+00:00\",\"dateModified\":\"2024-06-14T13:47:49+00:00\",\"breadcrumb\":{\"@id\":\"https:\\\/\\\/academy.effseit.com\\\/?page_id=959#breadcrumb\"},\"inLanguage\":\"fr-FR\",\"potentialAction\":[{\"@type\":\"ReadAction\",\"target\":[\"https:\\\/\\\/academy.effseit.com\\\/?page_id=959\"]}]},{\"@type\":\"ImageObject\",\"inLanguage\":\"fr-FR\",\"@id\":\"https:\\\/\\\/academy.effseit.com\\\/?page_id=959#primaryimage\",\"url\":\"https:\\\/\\\/academy.effseit.com\\\/wp-content\\\/uploads\\\/2024\\\/06\\\/1000_F_511549589_WPY4G39eArCTeOXPRrRhrMSncEtTajtp.jpg\",\"contentUrl\":\"https:\\\/\\\/academy.effseit.com\\\/wp-content\\\/uploads\\\/2024\\\/06\\\/1000_F_511549589_WPY4G39eArCTeOXPRrRhrMSncEtTajtp.jpg\",\"width\":1000,\"height\":1000},{\"@type\":\"BreadcrumbList\",\"@id\":\"https:\\\/\\\/academy.effseit.com\\\/?page_id=959#breadcrumb\",\"itemListElement\":[{\"@type\":\"ListItem\",\"position\":1,\"name\":\"Accueil\",\"item\":\"https:\\\/\\\/academy.effseit.com\\\/\"},{\"@type\":\"ListItem\",\"position\":2,\"name\":\"Phishing\"}]},{\"@type\":\"WebSite\",\"@id\":\"https:\\\/\\\/academy.effseit.com\\\/#website\",\"url\":\"https:\\\/\\\/academy.effseit.com\\\/\",\"name\":\"EFFSEIT ACADEMY\",\"description\":\"Votre formation, Votre protection\",\"potentialAction\":[{\"@type\":\"SearchAction\",\"target\":{\"@type\":\"EntryPoint\",\"urlTemplate\":\"https:\\\/\\\/academy.effseit.com\\\/?s={search_term_string}\"},\"query-input\":{\"@type\":\"PropertyValueSpecification\",\"valueRequired\":true,\"valueName\":\"search_term_string\"}}],\"inLanguage\":\"fr-FR\"}]}<\/script>\n<!-- \/ Yoast SEO plugin. -->","yoast_head_json":{"title":"Phishing - EFFSEIT ACADEMY","robots":{"index":"index","follow":"follow","max-snippet":"max-snippet:-1","max-image-preview":"max-image-preview:large","max-video-preview":"max-video-preview:-1"},"canonical":"https:\/\/academy.effseit.com\/?page_id=959","og_locale":"fr_FR","og_type":"article","og_title":"Phishing - EFFSEIT ACADEMY","og_description":"Pour aider les TPE et PME \u00e0 se d\u00e9fendre efficacement contre ces attaques, notre centre de formation propose des programmes sp\u00e9cialis\u00e9s en pr\u00e9vention et gestion du phishing. Nos formations, adapt\u00e9es \u00e0 diff\u00e9rents niveaux de comp\u00e9tence, sont con\u00e7ues pour armer vos employ\u00e9s des connaissances n\u00e9cessaires afin de reconna\u00eetre, pr\u00e9venir et r\u00e9pondre aux tentatives de phishing, assurant&hellip; Lire la suite","og_url":"https:\/\/academy.effseit.com\/?page_id=959","og_site_name":"EFFSEIT ACADEMY","article_modified_time":"2024-06-14T13:47:49+00:00","og_image":[{"url":"https:\/\/academy.effseit.com\/wp-content\/uploads\/2024\/06\/1000_F_511549589_WPY4G39eArCTeOXPRrRhrMSncEtTajtp.jpg","type":"","width":"","height":""}],"twitter_card":"summary_large_image","schema":{"@context":"https:\/\/schema.org","@graph":[{"@type":"WebPage","@id":"https:\/\/academy.effseit.com\/?page_id=959","url":"https:\/\/academy.effseit.com\/?page_id=959","name":"Phishing - EFFSEIT ACADEMY","isPartOf":{"@id":"https:\/\/academy.effseit.com\/#website"},"primaryImageOfPage":{"@id":"https:\/\/academy.effseit.com\/?page_id=959#primaryimage"},"image":{"@id":"https:\/\/academy.effseit.com\/?page_id=959#primaryimage"},"thumbnailUrl":"https:\/\/academy.effseit.com\/wp-content\/uploads\/2024\/06\/1000_F_511549589_WPY4G39eArCTeOXPRrRhrMSncEtTajtp.jpg","datePublished":"2024-06-07T11:54:23+00:00","dateModified":"2024-06-14T13:47:49+00:00","breadcrumb":{"@id":"https:\/\/academy.effseit.com\/?page_id=959#breadcrumb"},"inLanguage":"fr-FR","potentialAction":[{"@type":"ReadAction","target":["https:\/\/academy.effseit.com\/?page_id=959"]}]},{"@type":"ImageObject","inLanguage":"fr-FR","@id":"https:\/\/academy.effseit.com\/?page_id=959#primaryimage","url":"https:\/\/academy.effseit.com\/wp-content\/uploads\/2024\/06\/1000_F_511549589_WPY4G39eArCTeOXPRrRhrMSncEtTajtp.jpg","contentUrl":"https:\/\/academy.effseit.com\/wp-content\/uploads\/2024\/06\/1000_F_511549589_WPY4G39eArCTeOXPRrRhrMSncEtTajtp.jpg","width":1000,"height":1000},{"@type":"BreadcrumbList","@id":"https:\/\/academy.effseit.com\/?page_id=959#breadcrumb","itemListElement":[{"@type":"ListItem","position":1,"name":"Accueil","item":"https:\/\/academy.effseit.com\/"},{"@type":"ListItem","position":2,"name":"Phishing"}]},{"@type":"WebSite","@id":"https:\/\/academy.effseit.com\/#website","url":"https:\/\/academy.effseit.com\/","name":"EFFSEIT ACADEMY","description":"Votre formation, Votre protection","potentialAction":[{"@type":"SearchAction","target":{"@type":"EntryPoint","urlTemplate":"https:\/\/academy.effseit.com\/?s={search_term_string}"},"query-input":{"@type":"PropertyValueSpecification","valueRequired":true,"valueName":"search_term_string"}}],"inLanguage":"fr-FR"}]}},"_links":{"self":[{"href":"https:\/\/academy.effseit.com\/index.php?rest_route=\/wp\/v2\/pages\/959","targetHints":{"allow":["GET"]}}],"collection":[{"href":"https:\/\/academy.effseit.com\/index.php?rest_route=\/wp\/v2\/pages"}],"about":[{"href":"https:\/\/academy.effseit.com\/index.php?rest_route=\/wp\/v2\/types\/page"}],"author":[{"embeddable":true,"href":"https:\/\/academy.effseit.com\/index.php?rest_route=\/wp\/v2\/users\/1"}],"replies":[{"embeddable":true,"href":"https:\/\/academy.effseit.com\/index.php?rest_route=%2Fwp%2Fv2%2Fcomments&post=959"}],"version-history":[{"count":22,"href":"https:\/\/academy.effseit.com\/index.php?rest_route=\/wp\/v2\/pages\/959\/revisions"}],"predecessor-version":[{"id":1844,"href":"https:\/\/academy.effseit.com\/index.php?rest_route=\/wp\/v2\/pages\/959\/revisions\/1844"}],"wp:attachment":[{"href":"https:\/\/academy.effseit.com\/index.php?rest_route=%2Fwp%2Fv2%2Fmedia&parent=959"}],"curies":[{"name":"wp","href":"https:\/\/api.w.org\/{rel}","templated":true}]}}