{"id":957,"date":"2024-06-07T11:53:59","date_gmt":"2024-06-07T11:53:59","guid":{"rendered":"https:\/\/academy.effseit.com\/?page_id=957"},"modified":"2024-06-14T13:47:09","modified_gmt":"2024-06-14T13:47:09","slug":"messagerie","status":"publish","type":"page","link":"https:\/\/academy.effseit.com\/?page_id=957","title":{"rendered":"Messagerie"},"content":{"rendered":"\n<p class=\"has-text-align-left has-medium-font-size\"><strong>Nos formations \u00e0 la s\u00e9curit\u00e9 de mails<\/strong><\/p>\n\n\n\n<div style=\"height:10px\" aria-hidden=\"true\" class=\"wp-block-spacer\"><\/div>\n\n\n\n<p class=\"has-text-align-left parag\" style=\"letter-spacing:1px\">Prot\u00e9ger les communications \u00e9lectroniques de votre entreprise permet de pr\u00e9server la confidentialit\u00e9 des informations sensibles et de pr\u00e9venir les menaces telles que le phishing, le malware et autres attaques informatiques. Nous proposons une s\u00e9rie de formations adapt\u00e9es \u00e0 diff\u00e9rents niveaux de comp\u00e9tence pour aider vos employ\u00e9s \u00e0 renforcer leur vigilance et \u00e0 adopter les meilleures pratiques en mati\u00e8re de cybers\u00e9curit\u00e9. Voici un aper\u00e7u de nos formations.<\/p>\n\n\n\n<div style=\"height:100px\" aria-hidden=\"true\" class=\"wp-block-spacer\"><\/div>\n\n\n\n<div class=\"wp-block-cover aligncenter has-parallax custom-full-width-text\" style=\"min-height:100vh;aspect-ratio:unset;\"><span aria-hidden=\"true\" class=\"wp-block-cover__background has-background-dim-30 has-background-dim\" style=\"background-color:#ccc3d5\"><\/span><div class=\"wp-block-cover__image-background wp-image-1196 has-parallax\" style=\"background-position:50% 50%;background-image:url(https:\/\/academy.effseit.com\/wp-content\/uploads\/2024\/06\/dark-wavy-wallpaper-concept_23-2148406587.avif)\"><\/div><div class=\"wp-block-cover__inner-container is-layout-constrained wp-block-cover-is-layout-constrained\">\n<div style=\"height:19px\" aria-hidden=\"true\" class=\"wp-block-spacer\"><\/div>\n\n\n\n<p class=\"has-text-align-center titre has-large-font-size\" style=\"font-style:normal;font-weight:400;letter-spacing:3px\"><strong>Initiation \u00e0 la s\u00e9curit\u00e9 des emails<\/strong><\/p>\n\n\n\n<div style=\"height:24px\" aria-hidden=\"true\" class=\"wp-block-spacer\"><\/div>\n\n\n\n<div class=\"wp-block-columns has-small-font-size is-layout-flex wp-container-core-columns-is-layout-9d6595d7 wp-block-columns-is-layout-flex\">\n<div class=\"wp-block-column is-layout-flow wp-block-column-is-layout-flow\" style=\"flex-basis:33.33%\">\n<div class=\"wp-block-buttons is-horizontal is-content-justification-center is-nowrap is-layout-flex wp-container-core-buttons-is-layout-fc65f29c wp-block-buttons-is-layout-flex\">\n<div class=\"wp-block-button has-custom-font-size has-small-font-size\" style=\"font-style:normal;font-weight:600\"><a class=\"wp-block-button__link has-white-background-color has-text-color has-background has-link-color wp-element-button\" style=\"color:#634280\">Dur\u00e9e : 1 mois<\/a><\/div>\n\n\n\n<div class=\"wp-block-button has-custom-font-size has-small-font-size\" style=\"font-style:normal;font-weight:600\"><a class=\"wp-block-button__link has-white-background-color has-text-color has-background has-link-color wp-element-button\" style=\"color:#634280\">Niveau: D\u00e9butant<\/a><\/div>\n<\/div>\n\n\n\n<div style=\"height:73px\" aria-hidden=\"true\" class=\"wp-block-spacer\"><\/div>\n\n\n<div class=\"wp-block-image is-style-rounded wp-duotone-unset-1\">\n<figure class=\"aligncenter size-full is-resized\"><img fetchpriority=\"high\" decoding=\"async\" width=\"620\" height=\"300\" src=\"https:\/\/academy.effseit.com\/wp-content\/uploads\/2024\/06\/88129217-8154-4be3-81dd-1c3a93e4648a.png\" alt=\"\" class=\"wp-image-1242\" style=\"aspect-ratio:1;object-fit:cover;width:200px;height:auto\" srcset=\"https:\/\/academy.effseit.com\/wp-content\/uploads\/2024\/06\/88129217-8154-4be3-81dd-1c3a93e4648a.png 620w, https:\/\/academy.effseit.com\/wp-content\/uploads\/2024\/06\/88129217-8154-4be3-81dd-1c3a93e4648a-600x290.png 600w, https:\/\/academy.effseit.com\/wp-content\/uploads\/2024\/06\/88129217-8154-4be3-81dd-1c3a93e4648a-300x145.png 300w\" sizes=\"(max-width: 620px) 100vw, 620px\" \/><\/figure>\n<\/div>\n\n\n<p><br><\/p>\n<\/div>\n\n\n\n<div class=\"wp-block-column is-layout-flow wp-block-column-is-layout-flow\" style=\"flex-basis:66.66%\">\n<div style=\"height:36px\" aria-hidden=\"true\" class=\"wp-block-spacer\"><\/div>\n\n\n\n<p class=\"parag2\" style=\"font-size:16px;font-style:normal;font-weight:300;letter-spacing:2px\">Cette formation est con\u00e7ue pour les employ\u00e9s sans connaissances pr\u00e9alables en cybers\u00e9curit\u00e9. <\/p>\n\n\n\n<p class=\"parag2\" style=\"font-size:16px;font-style:normal;font-weight:300;letter-spacing:2px\">Elle offre une introduction aux concepts fondamentaux de la s\u00e9curit\u00e9 des emails, incluant la reconnaissance des tentatives de phishing, l&rsquo;importance des mots de passe robustes, et les bonnes pratiques pour maintenir la s\u00e9curit\u00e9 des communications \u00e9lectroniques. <\/p>\n\n\n\n<p class=\"parag2\" style=\"font-size:16px;font-style:normal;font-weight:300;letter-spacing:2px\">\u00c0 travers des modules interactifs et des exercices pratiques, les participants acquerront les bases n\u00e9cessaires pour identifier et \u00e9viter les menaces courantes, contribuant ainsi \u00e0 la protection globale de l&rsquo;entreprise.<\/p>\n\n\n\n<div style=\"height:18px\" aria-hidden=\"true\" class=\"wp-block-spacer\"><\/div>\n<\/div>\n<\/div>\n\n\n\n<div class=\"wp-block-buttons is-content-justification-right is-layout-flex wp-container-core-buttons-is-layout-765c4724 wp-block-buttons-is-layout-flex\">\n<div class=\"wp-block-button has-custom-font-size is-style-outline is-style-outline--2\" style=\"font-size:17px;font-style:normal;font-weight:600\"><a class=\"wp-block-button__link has-white-background-color has-text-color has-background has-link-color has-text-align-right wp-element-button\" style=\"color:#634280\">S&rsquo;inscrire \u00e0 la formation<\/a><\/div>\n<\/div>\n\n\n\n<div style=\"height:62px\" aria-hidden=\"true\" class=\"wp-block-spacer\"><\/div>\n<\/div><\/div>\n\n\n\n<div style=\"height:100px\" aria-hidden=\"true\" class=\"wp-block-spacer\"><\/div>\n\n\n\n<div class=\"wp-block-cover aligncenter has-parallax custom-full-width-text\" style=\"min-height:100vh;aspect-ratio:unset;\"><span aria-hidden=\"true\" class=\"wp-block-cover__background has-background-dim-30 has-background-dim\" style=\"background-color:#ccc3d5\"><\/span><div class=\"wp-block-cover__image-background wp-image-1201 has-parallax\" style=\"background-position:50% 50%;background-image:url(https:\/\/academy.effseit.com\/wp-content\/uploads\/2024\/06\/dark-wavy-wallpaper-concept_23-2148406587-1.avif)\"><\/div><div class=\"wp-block-cover__inner-container is-layout-constrained wp-block-cover-is-layout-constrained\">\n<div style=\"height:19px\" aria-hidden=\"true\" class=\"wp-block-spacer\"><\/div>\n\n\n\n<p class=\"has-text-align-center titre has-large-font-size\" style=\"font-style:normal;font-weight:300;letter-spacing:3px\"><strong>S\u00e9curisation des Mails Avanc\u00e9e<\/strong><\/p>\n\n\n\n<div style=\"height:24px\" aria-hidden=\"true\" class=\"wp-block-spacer\"><\/div>\n\n\n\n<div class=\"wp-block-columns has-small-font-size is-layout-flex wp-container-core-columns-is-layout-9d6595d7 wp-block-columns-is-layout-flex\">\n<div class=\"wp-block-column is-layout-flow wp-block-column-is-layout-flow\" style=\"flex-basis:33.33%\">\n<div class=\"wp-block-buttons is-horizontal is-content-justification-center is-nowrap is-layout-flex wp-container-core-buttons-is-layout-fc65f29c wp-block-buttons-is-layout-flex\">\n<div class=\"wp-block-button has-custom-font-size has-small-font-size\" style=\"font-style:normal;font-weight:600\"><a class=\"wp-block-button__link has-white-background-color has-text-color has-background has-link-color wp-element-button\" style=\"color:#634280\">Dur\u00e9e : 3 mois<\/a><\/div>\n\n\n\n<div class=\"wp-block-button has-custom-font-size has-small-font-size\" style=\"font-style:normal;font-weight:600\"><a class=\"wp-block-button__link has-white-background-color has-text-color has-background has-link-color wp-element-button\" style=\"color:#634280\">Niveau: Interm\u00e9diaire<\/a><\/div>\n<\/div>\n\n\n\n<div style=\"height:49px\" aria-hidden=\"true\" class=\"wp-block-spacer\"><\/div>\n\n\n<div class=\"wp-block-image is-style-rounded wp-duotone-unset-3\">\n<figure class=\"aligncenter size-full is-resized\"><img decoding=\"async\" width=\"340\" height=\"357\" src=\"https:\/\/academy.effseit.com\/wp-content\/uploads\/2024\/06\/a025a9e2-db84-4528-a1c6-87382552d84a.png\" alt=\"\" class=\"wp-image-1228\" style=\"aspect-ratio:1;object-fit:cover;width:200px;height:auto\" srcset=\"https:\/\/academy.effseit.com\/wp-content\/uploads\/2024\/06\/a025a9e2-db84-4528-a1c6-87382552d84a.png 340w, https:\/\/academy.effseit.com\/wp-content\/uploads\/2024\/06\/a025a9e2-db84-4528-a1c6-87382552d84a-286x300.png 286w\" sizes=\"(max-width: 340px) 100vw, 340px\" \/><\/figure>\n<\/div>\n\n\n<p><br><\/p>\n<\/div>\n\n\n\n<div class=\"wp-block-column is-layout-flow wp-block-column-is-layout-flow\" style=\"flex-basis:66.66%\">\n<div style=\"height:36px\" aria-hidden=\"true\" class=\"wp-block-spacer\"><\/div>\n\n\n\n<p style=\"font-size:16px;font-style:normal;font-weight:300;letter-spacing:2px\">Destin\u00e9e aux employ\u00e9s ayant d\u00e9j\u00e0 une compr\u00e9hension de base de la s\u00e9curit\u00e9 des emails, cette formation approfondit les techniques de protection des communications \u00e9lectroniques. <\/p>\n\n\n\n<p style=\"font-size:16px;font-style:normal;font-weight:300;letter-spacing:2px\">Les participants apprendront \u00e0 utiliser des outils de chiffrement, \u00e0 configurer des filtres anti-spam avanc\u00e9s, et \u00e0 mettre en place des mesures de protection contre les logiciels malveillants. <\/p>\n\n\n\n<p style=\"font-size:16px;font-style:normal;font-weight:300;letter-spacing:2px\">En outre, la formation aborde l&rsquo;analyse des en-t\u00eates d&#8217;email pour d\u00e9tecter les tentatives de spoofing et autres attaques sophistiqu\u00e9es. Cette formation vise \u00e0 doter les participants de comp\u00e9tences pratiques pour renforcer la r\u00e9silience de l&rsquo;entreprise face aux cybermenaces.<\/p>\n\n\n\n<div style=\"height:18px\" aria-hidden=\"true\" class=\"wp-block-spacer\"><\/div>\n<\/div>\n<\/div>\n\n\n\n<div class=\"wp-block-buttons is-content-justification-right is-layout-flex wp-container-core-buttons-is-layout-765c4724 wp-block-buttons-is-layout-flex\">\n<div class=\"wp-block-button has-custom-font-size is-style-outline is-style-outline--4\" style=\"font-size:17px;font-style:normal;font-weight:600\"><a class=\"wp-block-button__link has-white-background-color has-text-color has-background has-link-color has-text-align-right wp-element-button\" style=\"color:#634280\">S&rsquo;inscrire \u00e0 la formation<\/a><\/div>\n<\/div>\n\n\n\n<div style=\"height:62px\" aria-hidden=\"true\" class=\"wp-block-spacer\"><\/div>\n<\/div><\/div>\n\n\n\n<div style=\"height:100px\" aria-hidden=\"true\" class=\"wp-block-spacer\"><\/div>\n\n\n\n<div class=\"wp-block-cover aligncenter has-parallax custom-full-width-text\" style=\"min-height:100vh;aspect-ratio:unset;\"><span aria-hidden=\"true\" class=\"wp-block-cover__background has-background-dim-30 has-background-dim\" style=\"background-color:#ccc3d5\"><\/span><div class=\"wp-block-cover__image-background wp-image-1201 has-parallax\" style=\"background-position:50% 50%;background-image:url(https:\/\/academy.effseit.com\/wp-content\/uploads\/2024\/06\/dark-wavy-wallpaper-concept_23-2148406587-1.avif)\"><\/div><div class=\"wp-block-cover__inner-container is-layout-constrained wp-block-cover-is-layout-constrained\">\n<div style=\"height:19px\" aria-hidden=\"true\" class=\"wp-block-spacer\"><\/div>\n\n\n\n<p class=\"has-text-align-center titre has-large-font-size\" style=\"font-style:normal;font-weight:300;letter-spacing:3px\"><strong>Cyberd\u00e9fense des Emails pour Experts<\/strong><\/p>\n\n\n\n<div style=\"height:24px\" aria-hidden=\"true\" class=\"wp-block-spacer\"><\/div>\n\n\n\n<div class=\"wp-block-columns has-small-font-size is-layout-flex wp-container-core-columns-is-layout-9d6595d7 wp-block-columns-is-layout-flex\">\n<div class=\"wp-block-column is-layout-flow wp-block-column-is-layout-flow\" style=\"flex-basis:33.33%\">\n<div class=\"wp-block-buttons is-horizontal is-content-justification-center is-nowrap is-layout-flex wp-container-core-buttons-is-layout-fc65f29c wp-block-buttons-is-layout-flex\">\n<div class=\"wp-block-button has-custom-font-size has-small-font-size\" style=\"font-style:normal;font-weight:600\"><a class=\"wp-block-button__link has-white-background-color has-text-color has-background has-link-color wp-element-button\" style=\"color:#634280\">Dur\u00e9e : 4 mois<\/a><\/div>\n\n\n\n<div class=\"wp-block-button has-custom-font-size has-small-font-size\" style=\"font-style:normal;font-weight:600\"><a class=\"wp-block-button__link has-white-background-color has-text-color has-background has-link-color wp-element-button\" style=\"color:#634280\">Niveau: Avanc\u00e9<\/a><\/div>\n<\/div>\n\n\n\n<div style=\"height:49px\" aria-hidden=\"true\" class=\"wp-block-spacer\"><\/div>\n\n\n<div class=\"wp-block-image is-style-rounded wp-duotone-unset-5\">\n<figure class=\"aligncenter size-full is-resized\"><img decoding=\"async\" width=\"591\" height=\"540\" src=\"https:\/\/academy.effseit.com\/wp-content\/uploads\/2024\/06\/d170c936-ad4c-4186-a5cd-21f6d75f2559.png\" alt=\"\" class=\"wp-image-1234\" style=\"aspect-ratio:1;object-fit:cover;width:200px;height:auto\" srcset=\"https:\/\/academy.effseit.com\/wp-content\/uploads\/2024\/06\/d170c936-ad4c-4186-a5cd-21f6d75f2559.png 591w, https:\/\/academy.effseit.com\/wp-content\/uploads\/2024\/06\/d170c936-ad4c-4186-a5cd-21f6d75f2559-300x274.png 300w\" sizes=\"(max-width: 591px) 100vw, 591px\" \/><\/figure>\n<\/div>\n\n\n<p><br><\/p>\n<\/div>\n\n\n\n<div class=\"wp-block-column is-layout-flow wp-block-column-is-layout-flow\" style=\"flex-basis:66.66%\">\n<div style=\"height:36px\" aria-hidden=\"true\" class=\"wp-block-spacer\"><\/div>\n\n\n\n<p style=\"font-size:16px;font-style:normal;font-weight:300;letter-spacing:2px\">Cette formation s&rsquo;adresse aux professionnels de la cybers\u00e9curit\u00e9 ou aux employ\u00e9s ayant une exp\u00e9rience significative dans le domaine. <\/p>\n\n\n\n<p style=\"font-size:16px;font-style:normal;font-weight:300;letter-spacing:2px\">Elle couvre des sujets avanc\u00e9s tels que l&rsquo;analyse des menaces en temps r\u00e9el, la mise en place de syst\u00e8mes de d\u00e9tection et de r\u00e9ponse aux incidents, et l&rsquo;utilisation de techniques de forensic pour enqu\u00eater sur les violations de s\u00e9curit\u00e9.<\/p>\n\n\n\n<p style=\"font-size:16px;font-style:normal;font-weight:300;letter-spacing:2px\">Les participants seront form\u00e9s \u00e0 l&rsquo;utilisation de logiciels et de frameworks sp\u00e9cialis\u00e9s, et apprendront \u00e0 \u00e9laborer et \u00e0 impl\u00e9menter des strat\u00e9gies de d\u00e9fense robustes pour prot\u00e9ger les infrastructures de messagerie de l&rsquo;entreprise. Cette formation pr\u00e9pare les experts \u00e0 anticiper, identifier et neutraliser les cyberattaques<\/p>\n\n\n\n<div style=\"height:18px\" aria-hidden=\"true\" class=\"wp-block-spacer\"><\/div>\n<\/div>\n<\/div>\n\n\n\n<div class=\"wp-block-buttons is-content-justification-right is-layout-flex wp-container-core-buttons-is-layout-765c4724 wp-block-buttons-is-layout-flex\">\n<div class=\"wp-block-button has-custom-font-size is-style-outline is-style-outline--6\" style=\"font-size:17px;font-style:normal;font-weight:600\"><a class=\"wp-block-button__link has-white-background-color has-text-color has-background has-link-color has-text-align-right wp-element-button\" style=\"color:#634280\">S&rsquo;inscrire \u00e0 la formation<\/a><\/div>\n<\/div>\n\n\n\n<div style=\"height:62px\" aria-hidden=\"true\" class=\"wp-block-spacer\"><\/div>\n<\/div><\/div>\n","protected":false},"excerpt":{"rendered":"<p>Nos formations \u00e0 la s\u00e9curit\u00e9 de mails Prot\u00e9ger les communications \u00e9lectroniques de votre entreprise permet de pr\u00e9server la confidentialit\u00e9 des informations sensibles et de pr\u00e9venir les menaces telles que le phishing, le malware et autres attaques informatiques. Nous proposons une s\u00e9rie de formations adapt\u00e9es \u00e0 diff\u00e9rents niveaux de comp\u00e9tence pour aider vos employ\u00e9s \u00e0 renforcer&hellip; <br \/> <a class=\"read-more\" href=\"https:\/\/academy.effseit.com\/?page_id=957\">Lire la suite<\/a><\/p>\n","protected":false},"author":1,"featured_media":0,"parent":0,"menu_order":0,"comment_status":"closed","ping_status":"closed","template":"","meta":{"footnotes":""},"class_list":["post-957","page","type-page","status-publish","hentry"],"yoast_head":"<!-- This site is optimized with the Yoast SEO plugin v27.4 - https:\/\/yoast.com\/product\/yoast-seo-wordpress\/ -->\n<title>Messagerie - EFFSEIT ACADEMY<\/title>\n<meta name=\"robots\" content=\"index, follow, max-snippet:-1, max-image-preview:large, max-video-preview:-1\" \/>\n<link rel=\"canonical\" href=\"https:\/\/academy.effseit.com\/?page_id=957\" \/>\n<meta property=\"og:locale\" content=\"fr_FR\" \/>\n<meta property=\"og:type\" content=\"article\" \/>\n<meta property=\"og:title\" content=\"Messagerie - EFFSEIT ACADEMY\" \/>\n<meta property=\"og:description\" content=\"Nos formations \u00e0 la s\u00e9curit\u00e9 de mails Prot\u00e9ger les communications \u00e9lectroniques de votre entreprise permet de pr\u00e9server la confidentialit\u00e9 des informations sensibles et de pr\u00e9venir les menaces telles que le phishing, le malware et autres attaques informatiques. Nous proposons une s\u00e9rie de formations adapt\u00e9es \u00e0 diff\u00e9rents niveaux de comp\u00e9tence pour aider vos employ\u00e9s \u00e0 renforcer&hellip; Lire la suite\" \/>\n<meta property=\"og:url\" content=\"https:\/\/academy.effseit.com\/?page_id=957\" \/>\n<meta property=\"og:site_name\" content=\"EFFSEIT ACADEMY\" \/>\n<meta property=\"article:modified_time\" content=\"2024-06-14T13:47:09+00:00\" \/>\n<meta property=\"og:image\" content=\"https:\/\/academy.effseit.com\/wp-content\/uploads\/2024\/06\/88129217-8154-4be3-81dd-1c3a93e4648a.png\" \/>\n<meta name=\"twitter:card\" content=\"summary_large_image\" \/>\n<meta name=\"twitter:label1\" content=\"Dur\u00e9e de lecture estim\u00e9e\" \/>\n\t<meta name=\"twitter:data1\" content=\"3 minutes\" \/>\n<script type=\"application\/ld+json\" class=\"yoast-schema-graph\">{\"@context\":\"https:\\\/\\\/schema.org\",\"@graph\":[{\"@type\":\"WebPage\",\"@id\":\"https:\\\/\\\/academy.effseit.com\\\/?page_id=957\",\"url\":\"https:\\\/\\\/academy.effseit.com\\\/?page_id=957\",\"name\":\"Messagerie - EFFSEIT ACADEMY\",\"isPartOf\":{\"@id\":\"https:\\\/\\\/academy.effseit.com\\\/#website\"},\"primaryImageOfPage\":{\"@id\":\"https:\\\/\\\/academy.effseit.com\\\/?page_id=957#primaryimage\"},\"image\":{\"@id\":\"https:\\\/\\\/academy.effseit.com\\\/?page_id=957#primaryimage\"},\"thumbnailUrl\":\"https:\\\/\\\/academy.effseit.com\\\/wp-content\\\/uploads\\\/2024\\\/06\\\/88129217-8154-4be3-81dd-1c3a93e4648a.png\",\"datePublished\":\"2024-06-07T11:53:59+00:00\",\"dateModified\":\"2024-06-14T13:47:09+00:00\",\"breadcrumb\":{\"@id\":\"https:\\\/\\\/academy.effseit.com\\\/?page_id=957#breadcrumb\"},\"inLanguage\":\"fr-FR\",\"potentialAction\":[{\"@type\":\"ReadAction\",\"target\":[\"https:\\\/\\\/academy.effseit.com\\\/?page_id=957\"]}]},{\"@type\":\"ImageObject\",\"inLanguage\":\"fr-FR\",\"@id\":\"https:\\\/\\\/academy.effseit.com\\\/?page_id=957#primaryimage\",\"url\":\"https:\\\/\\\/academy.effseit.com\\\/wp-content\\\/uploads\\\/2024\\\/06\\\/88129217-8154-4be3-81dd-1c3a93e4648a.png\",\"contentUrl\":\"https:\\\/\\\/academy.effseit.com\\\/wp-content\\\/uploads\\\/2024\\\/06\\\/88129217-8154-4be3-81dd-1c3a93e4648a.png\",\"width\":620,\"height\":300},{\"@type\":\"BreadcrumbList\",\"@id\":\"https:\\\/\\\/academy.effseit.com\\\/?page_id=957#breadcrumb\",\"itemListElement\":[{\"@type\":\"ListItem\",\"position\":1,\"name\":\"Accueil\",\"item\":\"https:\\\/\\\/academy.effseit.com\\\/\"},{\"@type\":\"ListItem\",\"position\":2,\"name\":\"Messagerie\"}]},{\"@type\":\"WebSite\",\"@id\":\"https:\\\/\\\/academy.effseit.com\\\/#website\",\"url\":\"https:\\\/\\\/academy.effseit.com\\\/\",\"name\":\"EFFSEIT ACADEMY\",\"description\":\"Votre formation, Votre protection\",\"potentialAction\":[{\"@type\":\"SearchAction\",\"target\":{\"@type\":\"EntryPoint\",\"urlTemplate\":\"https:\\\/\\\/academy.effseit.com\\\/?s={search_term_string}\"},\"query-input\":{\"@type\":\"PropertyValueSpecification\",\"valueRequired\":true,\"valueName\":\"search_term_string\"}}],\"inLanguage\":\"fr-FR\"}]}<\/script>\n<!-- \/ Yoast SEO plugin. -->","yoast_head_json":{"title":"Messagerie - EFFSEIT ACADEMY","robots":{"index":"index","follow":"follow","max-snippet":"max-snippet:-1","max-image-preview":"max-image-preview:large","max-video-preview":"max-video-preview:-1"},"canonical":"https:\/\/academy.effseit.com\/?page_id=957","og_locale":"fr_FR","og_type":"article","og_title":"Messagerie - EFFSEIT ACADEMY","og_description":"Nos formations \u00e0 la s\u00e9curit\u00e9 de mails Prot\u00e9ger les communications \u00e9lectroniques de votre entreprise permet de pr\u00e9server la confidentialit\u00e9 des informations sensibles et de pr\u00e9venir les menaces telles que le phishing, le malware et autres attaques informatiques. Nous proposons une s\u00e9rie de formations adapt\u00e9es \u00e0 diff\u00e9rents niveaux de comp\u00e9tence pour aider vos employ\u00e9s \u00e0 renforcer&hellip; Lire la suite","og_url":"https:\/\/academy.effseit.com\/?page_id=957","og_site_name":"EFFSEIT ACADEMY","article_modified_time":"2024-06-14T13:47:09+00:00","og_image":[{"url":"https:\/\/academy.effseit.com\/wp-content\/uploads\/2024\/06\/88129217-8154-4be3-81dd-1c3a93e4648a.png","type":"","width":"","height":""}],"twitter_card":"summary_large_image","twitter_misc":{"Dur\u00e9e de lecture estim\u00e9e":"3 minutes"},"schema":{"@context":"https:\/\/schema.org","@graph":[{"@type":"WebPage","@id":"https:\/\/academy.effseit.com\/?page_id=957","url":"https:\/\/academy.effseit.com\/?page_id=957","name":"Messagerie - EFFSEIT ACADEMY","isPartOf":{"@id":"https:\/\/academy.effseit.com\/#website"},"primaryImageOfPage":{"@id":"https:\/\/academy.effseit.com\/?page_id=957#primaryimage"},"image":{"@id":"https:\/\/academy.effseit.com\/?page_id=957#primaryimage"},"thumbnailUrl":"https:\/\/academy.effseit.com\/wp-content\/uploads\/2024\/06\/88129217-8154-4be3-81dd-1c3a93e4648a.png","datePublished":"2024-06-07T11:53:59+00:00","dateModified":"2024-06-14T13:47:09+00:00","breadcrumb":{"@id":"https:\/\/academy.effseit.com\/?page_id=957#breadcrumb"},"inLanguage":"fr-FR","potentialAction":[{"@type":"ReadAction","target":["https:\/\/academy.effseit.com\/?page_id=957"]}]},{"@type":"ImageObject","inLanguage":"fr-FR","@id":"https:\/\/academy.effseit.com\/?page_id=957#primaryimage","url":"https:\/\/academy.effseit.com\/wp-content\/uploads\/2024\/06\/88129217-8154-4be3-81dd-1c3a93e4648a.png","contentUrl":"https:\/\/academy.effseit.com\/wp-content\/uploads\/2024\/06\/88129217-8154-4be3-81dd-1c3a93e4648a.png","width":620,"height":300},{"@type":"BreadcrumbList","@id":"https:\/\/academy.effseit.com\/?page_id=957#breadcrumb","itemListElement":[{"@type":"ListItem","position":1,"name":"Accueil","item":"https:\/\/academy.effseit.com\/"},{"@type":"ListItem","position":2,"name":"Messagerie"}]},{"@type":"WebSite","@id":"https:\/\/academy.effseit.com\/#website","url":"https:\/\/academy.effseit.com\/","name":"EFFSEIT ACADEMY","description":"Votre formation, Votre protection","potentialAction":[{"@type":"SearchAction","target":{"@type":"EntryPoint","urlTemplate":"https:\/\/academy.effseit.com\/?s={search_term_string}"},"query-input":{"@type":"PropertyValueSpecification","valueRequired":true,"valueName":"search_term_string"}}],"inLanguage":"fr-FR"}]}},"_links":{"self":[{"href":"https:\/\/academy.effseit.com\/index.php?rest_route=\/wp\/v2\/pages\/957","targetHints":{"allow":["GET"]}}],"collection":[{"href":"https:\/\/academy.effseit.com\/index.php?rest_route=\/wp\/v2\/pages"}],"about":[{"href":"https:\/\/academy.effseit.com\/index.php?rest_route=\/wp\/v2\/types\/page"}],"author":[{"embeddable":true,"href":"https:\/\/academy.effseit.com\/index.php?rest_route=\/wp\/v2\/users\/1"}],"replies":[{"embeddable":true,"href":"https:\/\/academy.effseit.com\/index.php?rest_route=%2Fwp%2Fv2%2Fcomments&post=957"}],"version-history":[{"count":76,"href":"https:\/\/academy.effseit.com\/index.php?rest_route=\/wp\/v2\/pages\/957\/revisions"}],"predecessor-version":[{"id":1842,"href":"https:\/\/academy.effseit.com\/index.php?rest_route=\/wp\/v2\/pages\/957\/revisions\/1842"}],"wp:attachment":[{"href":"https:\/\/academy.effseit.com\/index.php?rest_route=%2Fwp%2Fv2%2Fmedia&parent=957"}],"curies":[{"name":"wp","href":"https:\/\/api.w.org\/{rel}","templated":true}]}}