{"id":337,"date":"2024-05-21T12:08:22","date_gmt":"2024-05-21T12:08:22","guid":{"rendered":"https:\/\/academy.effseit.com\/?page_id=337"},"modified":"2024-06-14T08:41:44","modified_gmt":"2024-06-14T08:41:44","slug":"blog","status":"publish","type":"page","link":"https:\/\/academy.effseit.com\/?page_id=337","title":{"rendered":"Blog"},"content":{"rendered":"\n<h3 class=\"wp-block-heading has-text-align-center has-text-color has-link-color has-medium-font-size wp-elements-27c08943db5ddd65145fd3ef2484d056\" style=\"color:#07314a66\">La Cybers\u00e9curit\u00e9 : Un Enjeu Majeur<\/h3>\n\n\n\n<div style=\"height:54px\" aria-hidden=\"true\" class=\"wp-block-spacer\"><\/div>\n\n\n\n<p class=\"parag\">Avec l&rsquo;essor du digital, les PME et TPE sont de plus en plus expos\u00e9es aux risques cybern\u00e9tiques. La cybers\u00e9curit\u00e9 n&rsquo;est plus une option, mais une n\u00e9cessit\u00e9 pour prot\u00e9ger les donn\u00e9es sensibles et garantir la p\u00e9rennit\u00e9 de l&rsquo;entreprise.<\/p>\n\n\n\n<p class=\"parag\">Dans ce blog, nous abordons les derni\u00e8res tendances et meilleures pratiques en mati\u00e8re de cybers\u00e9curit\u00e9, offrant des conseils pratiques et des solutions adapt\u00e9es aux besoins sp\u00e9cifiques des petites et moyennes entreprises. Que vous soyez un entrepreneur souhaitant renforcer la s\u00e9curit\u00e9 de votre entreprise ou un professionnel cherchant \u00e0 approfondir vos connaissances en cybers\u00e9curit\u00e9, notre blog est une ressource pouvant vous venir en aide.<\/p>\n\n\n\n<p class=\"parag\">Explorez nos articles pour d\u00e9couvrir des sujets tels que la protection des donn\u00e9es, la pr\u00e9vention des cyberattaques, la conformit\u00e9, et bien plus encore. Avec des informations actualis\u00e9es, nous vous aidons \u00e0 prendre le contr\u00f4le de la s\u00e9curit\u00e9 informatique de votre entreprise pour une cybers\u00e9curit\u00e9 efficace et proactive. Ensemble, construisons un environnement num\u00e9rique s\u00fbr et fiable pour votre entreprise.<\/p>\n\n\n\n<div style=\"height:118px\" aria-hidden=\"true\" class=\"wp-block-spacer\"><\/div>\n\n\n\n<h4 class=\"wp-block-heading has-text-align-center has-text-color has-link-color has-medium-font-size wp-elements-3931fa3ee289434e7babbfa456613aa0\" style=\"color:#07314a66\">Pourquoi la Cybers\u00e9curit\u00e9 est-elle Cruciale ?<\/h4>\n\n\n\n<div style=\"height:54px\" aria-hidden=\"true\" class=\"wp-block-spacer\"><\/div>\n\n\n\n<p class=\"titre1 has-text-color has-background has-link-color wp-elements-8713b2bb98945de9cbe9db4adb0bc17a\" style=\"color:#055384a1;background-color:#abb7c21c;font-size:26px\"><strong>Protection des Donn\u00e9es Sensibles <\/strong><\/p>\n\n\n\n<div style=\"height:22px\" aria-hidden=\"true\" class=\"wp-block-spacer\"><\/div>\n\n\n\n<p class=\"parag\">Les entreprises manipulent quotidiennement des donn\u00e9es sensibles telles que des informations client, des secrets commerciaux, et des donn\u00e9es financi\u00e8res. Une violation de ces donn\u00e9es peut entra\u00eener des pertes financi\u00e8res consid\u00e9rables et nuire \u00e0 la r\u00e9putation de l&rsquo;entreprise.<\/p>\n\n\n\n<div style=\"height:99px\" aria-hidden=\"true\" class=\"wp-block-spacer\"><\/div>\n\n\n\n<p class=\"titre1 has-text-color has-background has-link-color wp-elements-26b0e978da4ae0b46bd7747e6dc135b1\" style=\"color:#055384a1;background-color:#abb7c21c;font-size:26px\"><strong>Conformit\u00e9 R\u00e9glementaire<\/strong><\/p>\n\n\n\n<div style=\"height:22px\" aria-hidden=\"true\" class=\"wp-block-spacer\"><\/div>\n\n\n\n<p class=\"parag\">De nombreuses r\u00e9glementations, telles que le RGPD en Europe, obligent les entreprises \u00e0 prot\u00e9ger les donn\u00e9es personnelles qu&rsquo;elles collectent. Le non-respect de ces r\u00e9glementations peut entra\u00eener des amendes s\u00e9v\u00e8res.<\/p>\n\n\n\n<div style=\"height:99px\" aria-hidden=\"true\" class=\"wp-block-spacer\"><\/div>\n\n\n\n<p class=\"titre1 has-text-color has-background has-link-color wp-elements-aba2f93442ac5f0ce291f6d8bfd0e9b8\" style=\"color:#055384a1;background-color:#abb7c21c;font-size:26px\"><strong>Pr\u00e9vention des Attaques <\/strong><\/p>\n\n\n\n<div style=\"height:22px\" aria-hidden=\"true\" class=\"wp-block-spacer\"><\/div>\n\n\n\n<p class=\"parag\">Les cyberattaques, telles que les ransomwares, peuvent paralyser les op\u00e9rations d&rsquo;une entreprise. Une bonne politique de cybers\u00e9curit\u00e9 permet de pr\u00e9venir ces attaques et d&rsquo;assurer la continuit\u00e9 des activit\u00e9s.<\/p>\n\n\n\n<div style=\"height:117px\" aria-hidden=\"true\" class=\"wp-block-spacer\"><\/div>\n\n\n\n<p class=\"has-text-color has-link-color has-large-font-size wp-elements-60fa0b1fa0cf83f9a41ad7cd54b09e00\" style=\"color:#07314a66\"><strong>Derniers articles<\/strong><\/p>\n\n\n\n<div style=\"height:31px\" aria-hidden=\"true\" class=\"wp-block-spacer\"><\/div>\n\n\n\n<div class=\"wp-block-group has-white-background-color has-background\"><div class=\"wp-block-group__inner-container is-layout-constrained wp-block-group-is-layout-constrained\"><ul class=\"wp-block-latest-posts__list has-dates has-author aligncenter wp-block-latest-posts has-background has-white-background-color\"><li><div class=\"wp-block-latest-posts__featured-image\"><img fetchpriority=\"high\" decoding=\"async\" width=\"300\" height=\"200\" src=\"https:\/\/academy.effseit.com\/wp-content\/uploads\/2024\/06\/pourquoi-audit-securite-informatique-300x200.jpeg\" class=\"attachment-medium size-medium wp-post-image\" alt=\"\" style=\"\" srcset=\"https:\/\/academy.effseit.com\/wp-content\/uploads\/2024\/06\/pourquoi-audit-securite-informatique-300x200.jpeg 300w, https:\/\/academy.effseit.com\/wp-content\/uploads\/2024\/06\/pourquoi-audit-securite-informatique-600x400.jpeg 600w, https:\/\/academy.effseit.com\/wp-content\/uploads\/2024\/06\/pourquoi-audit-securite-informatique-768x512.jpeg 768w, https:\/\/academy.effseit.com\/wp-content\/uploads\/2024\/06\/pourquoi-audit-securite-informatique.jpeg 1000w\" sizes=\"(max-width: 300px) 100vw, 300px\" \/><\/div><a class=\"wp-block-latest-posts__post-title\" href=\"https:\/\/academy.effseit.com\/?p=1528\">Tendances actuelles en mati\u00e8re de cybermenaces<\/a><div class=\"wp-block-latest-posts__post-author\">par admin<\/div><time datetime=\"2024-06-11T14:27:45+00:00\" class=\"wp-block-latest-posts__post-date\">juin 11, 2024<\/time><\/li>\n<li><div class=\"wp-block-latest-posts__featured-image\"><img decoding=\"async\" width=\"300\" height=\"200\" src=\"https:\/\/academy.effseit.com\/wp-content\/uploads\/2024\/06\/istockphoto-1435605327-612x612-1-300x200.jpg\" class=\"attachment-medium size-medium wp-post-image\" alt=\"\" style=\"\" srcset=\"https:\/\/academy.effseit.com\/wp-content\/uploads\/2024\/06\/istockphoto-1435605327-612x612-1-300x200.jpg 300w, https:\/\/academy.effseit.com\/wp-content\/uploads\/2024\/06\/istockphoto-1435605327-612x612-1-600x400.jpg 600w, https:\/\/academy.effseit.com\/wp-content\/uploads\/2024\/06\/istockphoto-1435605327-612x612-1.jpg 612w\" sizes=\"(max-width: 300px) 100vw, 300px\" \/><\/div><a class=\"wp-block-latest-posts__post-title\" href=\"https:\/\/academy.effseit.com\/?p=1522\">Cybers\u00e9curit\u00e9 et le T\u00e9l\u00e9travail : D\u00e9fis et Solutions<\/a><div class=\"wp-block-latest-posts__post-author\">par admin<\/div><time datetime=\"2024-06-11T14:21:48+00:00\" class=\"wp-block-latest-posts__post-date\">juin 11, 2024<\/time><\/li>\n<li><div class=\"wp-block-latest-posts__featured-image\"><img decoding=\"async\" width=\"300\" height=\"200\" src=\"https:\/\/academy.effseit.com\/wp-content\/uploads\/2024\/06\/depositphotos_86049364-stock-photo-cloud-computing-data-security-300x200.webp\" class=\"attachment-medium size-medium wp-post-image\" alt=\"\" style=\"\" srcset=\"https:\/\/academy.effseit.com\/wp-content\/uploads\/2024\/06\/depositphotos_86049364-stock-photo-cloud-computing-data-security-300x200.webp 300w, https:\/\/academy.effseit.com\/wp-content\/uploads\/2024\/06\/depositphotos_86049364-stock-photo-cloud-computing-data-security.webp 600w\" sizes=\"(max-width: 300px) 100vw, 300px\" \/><\/div><a class=\"wp-block-latest-posts__post-title\" href=\"https:\/\/academy.effseit.com\/?p=1456\">Comment R\u00e9agir en Cas de Cyberattaque<\/a><div class=\"wp-block-latest-posts__post-author\">par admin<\/div><time datetime=\"2024-06-11T13:27:45+00:00\" class=\"wp-block-latest-posts__post-date\">juin 11, 2024<\/time><\/li>\n<li><div class=\"wp-block-latest-posts__featured-image\"><img loading=\"lazy\" decoding=\"async\" width=\"300\" height=\"200\" src=\"https:\/\/academy.effseit.com\/wp-content\/uploads\/2024\/06\/c0976bbf-b243-4b24-a83d-3d8223b9ba18-300x200.png\" class=\"attachment-medium size-medium wp-post-image\" alt=\"\" style=\"\" srcset=\"https:\/\/academy.effseit.com\/wp-content\/uploads\/2024\/06\/c0976bbf-b243-4b24-a83d-3d8223b9ba18-300x200.png 300w, https:\/\/academy.effseit.com\/wp-content\/uploads\/2024\/06\/c0976bbf-b243-4b24-a83d-3d8223b9ba18-600x400.png 600w, https:\/\/academy.effseit.com\/wp-content\/uploads\/2024\/06\/c0976bbf-b243-4b24-a83d-3d8223b9ba18-1024x683.png 1024w, https:\/\/academy.effseit.com\/wp-content\/uploads\/2024\/06\/c0976bbf-b243-4b24-a83d-3d8223b9ba18-768x512.png 768w, https:\/\/academy.effseit.com\/wp-content\/uploads\/2024\/06\/c0976bbf-b243-4b24-a83d-3d8223b9ba18-1536x1024.png 1536w, https:\/\/academy.effseit.com\/wp-content\/uploads\/2024\/06\/c0976bbf-b243-4b24-a83d-3d8223b9ba18-1620x1080.png 1620w, https:\/\/academy.effseit.com\/wp-content\/uploads\/2024\/06\/c0976bbf-b243-4b24-a83d-3d8223b9ba18.png 1920w\" sizes=\"(max-width: 300px) 100vw, 300px\" \/><\/div><a class=\"wp-block-latest-posts__post-title\" href=\"https:\/\/academy.effseit.com\/?p=1447\">Protection des Donn\u00e9es Sensibles<\/a><div class=\"wp-block-latest-posts__post-author\">par admin<\/div><time datetime=\"2024-06-11T13:20:45+00:00\" class=\"wp-block-latest-posts__post-date\">juin 11, 2024<\/time><\/li>\n<\/ul><\/div><\/div>\n\n\n\n<h4 class=\"wp-block-heading\"><\/h4>\n\n\n\n<h4 class=\"wp-block-heading\"><\/h4>\n\n\n\n<div class=\"wp-block-group alignfull has-foreground-color has-primary-background-color has-text-color has-background has-link-color wp-elements-dc4e60caeef12f89fd1a3d33ad3c96ef\"><div class=\"wp-block-group__inner-container is-layout-flow wp-block-group-is-layout-flow\">\n<div style=\"height:32px\" aria-hidden=\"true\" class=\"wp-block-spacer\"><\/div>\n\n\n\n<div style=\"height:32px\" aria-hidden=\"true\" class=\"wp-block-spacer\"><\/div>\n<\/div><\/div>\n","protected":false},"excerpt":{"rendered":"<p>La Cybers\u00e9curit\u00e9 : Un Enjeu Majeur Avec l&rsquo;essor du digital, les PME et TPE sont de plus en plus expos\u00e9es aux risques cybern\u00e9tiques. La cybers\u00e9curit\u00e9 n&rsquo;est plus une option, mais une n\u00e9cessit\u00e9 pour prot\u00e9ger les donn\u00e9es sensibles et garantir la p\u00e9rennit\u00e9 de l&rsquo;entreprise. Dans ce blog, nous abordons les derni\u00e8res tendances et meilleures pratiques en&hellip; <br \/> <a class=\"read-more\" href=\"https:\/\/academy.effseit.com\/?page_id=337\">Lire la suite<\/a><\/p>\n","protected":false},"author":1,"featured_media":0,"parent":0,"menu_order":0,"comment_status":"closed","ping_status":"closed","template":"","meta":{"footnotes":""},"class_list":["post-337","page","type-page","status-publish","hentry"],"yoast_head":"<!-- This site is optimized with the Yoast SEO plugin v27.4 - https:\/\/yoast.com\/product\/yoast-seo-wordpress\/ -->\n<title>Blog - EFFSEIT ACADEMY<\/title>\n<meta name=\"robots\" content=\"index, follow, max-snippet:-1, max-image-preview:large, max-video-preview:-1\" \/>\n<link rel=\"canonical\" href=\"https:\/\/academy.effseit.com\/?page_id=337\" \/>\n<meta property=\"og:locale\" content=\"fr_FR\" \/>\n<meta property=\"og:type\" content=\"article\" \/>\n<meta property=\"og:title\" content=\"Blog - EFFSEIT ACADEMY\" \/>\n<meta property=\"og:description\" content=\"La Cybers\u00e9curit\u00e9 : Un Enjeu Majeur Avec l&rsquo;essor du digital, les PME et TPE sont de plus en plus expos\u00e9es aux risques cybern\u00e9tiques. La cybers\u00e9curit\u00e9 n&rsquo;est plus une option, mais une n\u00e9cessit\u00e9 pour prot\u00e9ger les donn\u00e9es sensibles et garantir la p\u00e9rennit\u00e9 de l&rsquo;entreprise. Dans ce blog, nous abordons les derni\u00e8res tendances et meilleures pratiques en&hellip; Lire la suite\" \/>\n<meta property=\"og:url\" content=\"https:\/\/academy.effseit.com\/?page_id=337\" \/>\n<meta property=\"og:site_name\" content=\"EFFSEIT ACADEMY\" \/>\n<meta property=\"article:modified_time\" content=\"2024-06-14T08:41:44+00:00\" \/>\n<meta name=\"twitter:card\" content=\"summary_large_image\" \/>\n<meta name=\"twitter:label1\" content=\"Dur\u00e9e de lecture estim\u00e9e\" \/>\n\t<meta name=\"twitter:data1\" content=\"2 minutes\" \/>\n<script type=\"application\/ld+json\" class=\"yoast-schema-graph\">{\"@context\":\"https:\\\/\\\/schema.org\",\"@graph\":[{\"@type\":\"WebPage\",\"@id\":\"https:\\\/\\\/academy.effseit.com\\\/?page_id=337\",\"url\":\"https:\\\/\\\/academy.effseit.com\\\/?page_id=337\",\"name\":\"Blog - EFFSEIT ACADEMY\",\"isPartOf\":{\"@id\":\"https:\\\/\\\/academy.effseit.com\\\/#website\"},\"datePublished\":\"2024-05-21T12:08:22+00:00\",\"dateModified\":\"2024-06-14T08:41:44+00:00\",\"breadcrumb\":{\"@id\":\"https:\\\/\\\/academy.effseit.com\\\/?page_id=337#breadcrumb\"},\"inLanguage\":\"fr-FR\",\"potentialAction\":[{\"@type\":\"ReadAction\",\"target\":[\"https:\\\/\\\/academy.effseit.com\\\/?page_id=337\"]}]},{\"@type\":\"BreadcrumbList\",\"@id\":\"https:\\\/\\\/academy.effseit.com\\\/?page_id=337#breadcrumb\",\"itemListElement\":[{\"@type\":\"ListItem\",\"position\":1,\"name\":\"Accueil\",\"item\":\"https:\\\/\\\/academy.effseit.com\\\/\"},{\"@type\":\"ListItem\",\"position\":2,\"name\":\"Blog\"}]},{\"@type\":\"WebSite\",\"@id\":\"https:\\\/\\\/academy.effseit.com\\\/#website\",\"url\":\"https:\\\/\\\/academy.effseit.com\\\/\",\"name\":\"EFFSEIT ACADEMY\",\"description\":\"Votre formation, Votre protection\",\"potentialAction\":[{\"@type\":\"SearchAction\",\"target\":{\"@type\":\"EntryPoint\",\"urlTemplate\":\"https:\\\/\\\/academy.effseit.com\\\/?s={search_term_string}\"},\"query-input\":{\"@type\":\"PropertyValueSpecification\",\"valueRequired\":true,\"valueName\":\"search_term_string\"}}],\"inLanguage\":\"fr-FR\"}]}<\/script>\n<!-- \/ Yoast SEO plugin. -->","yoast_head_json":{"title":"Blog - EFFSEIT ACADEMY","robots":{"index":"index","follow":"follow","max-snippet":"max-snippet:-1","max-image-preview":"max-image-preview:large","max-video-preview":"max-video-preview:-1"},"canonical":"https:\/\/academy.effseit.com\/?page_id=337","og_locale":"fr_FR","og_type":"article","og_title":"Blog - EFFSEIT ACADEMY","og_description":"La Cybers\u00e9curit\u00e9 : Un Enjeu Majeur Avec l&rsquo;essor du digital, les PME et TPE sont de plus en plus expos\u00e9es aux risques cybern\u00e9tiques. La cybers\u00e9curit\u00e9 n&rsquo;est plus une option, mais une n\u00e9cessit\u00e9 pour prot\u00e9ger les donn\u00e9es sensibles et garantir la p\u00e9rennit\u00e9 de l&rsquo;entreprise. Dans ce blog, nous abordons les derni\u00e8res tendances et meilleures pratiques en&hellip; Lire la suite","og_url":"https:\/\/academy.effseit.com\/?page_id=337","og_site_name":"EFFSEIT ACADEMY","article_modified_time":"2024-06-14T08:41:44+00:00","twitter_card":"summary_large_image","twitter_misc":{"Dur\u00e9e de lecture estim\u00e9e":"2 minutes"},"schema":{"@context":"https:\/\/schema.org","@graph":[{"@type":"WebPage","@id":"https:\/\/academy.effseit.com\/?page_id=337","url":"https:\/\/academy.effseit.com\/?page_id=337","name":"Blog - EFFSEIT ACADEMY","isPartOf":{"@id":"https:\/\/academy.effseit.com\/#website"},"datePublished":"2024-05-21T12:08:22+00:00","dateModified":"2024-06-14T08:41:44+00:00","breadcrumb":{"@id":"https:\/\/academy.effseit.com\/?page_id=337#breadcrumb"},"inLanguage":"fr-FR","potentialAction":[{"@type":"ReadAction","target":["https:\/\/academy.effseit.com\/?page_id=337"]}]},{"@type":"BreadcrumbList","@id":"https:\/\/academy.effseit.com\/?page_id=337#breadcrumb","itemListElement":[{"@type":"ListItem","position":1,"name":"Accueil","item":"https:\/\/academy.effseit.com\/"},{"@type":"ListItem","position":2,"name":"Blog"}]},{"@type":"WebSite","@id":"https:\/\/academy.effseit.com\/#website","url":"https:\/\/academy.effseit.com\/","name":"EFFSEIT ACADEMY","description":"Votre formation, Votre protection","potentialAction":[{"@type":"SearchAction","target":{"@type":"EntryPoint","urlTemplate":"https:\/\/academy.effseit.com\/?s={search_term_string}"},"query-input":{"@type":"PropertyValueSpecification","valueRequired":true,"valueName":"search_term_string"}}],"inLanguage":"fr-FR"}]}},"_links":{"self":[{"href":"https:\/\/academy.effseit.com\/index.php?rest_route=\/wp\/v2\/pages\/337","targetHints":{"allow":["GET"]}}],"collection":[{"href":"https:\/\/academy.effseit.com\/index.php?rest_route=\/wp\/v2\/pages"}],"about":[{"href":"https:\/\/academy.effseit.com\/index.php?rest_route=\/wp\/v2\/types\/page"}],"author":[{"embeddable":true,"href":"https:\/\/academy.effseit.com\/index.php?rest_route=\/wp\/v2\/users\/1"}],"replies":[{"embeddable":true,"href":"https:\/\/academy.effseit.com\/index.php?rest_route=%2Fwp%2Fv2%2Fcomments&post=337"}],"version-history":[{"count":83,"href":"https:\/\/academy.effseit.com\/index.php?rest_route=\/wp\/v2\/pages\/337\/revisions"}],"predecessor-version":[{"id":1785,"href":"https:\/\/academy.effseit.com\/index.php?rest_route=\/wp\/v2\/pages\/337\/revisions\/1785"}],"wp:attachment":[{"href":"https:\/\/academy.effseit.com\/index.php?rest_route=%2Fwp%2Fv2%2Fmedia&parent=337"}],"curies":[{"name":"wp","href":"https:\/\/api.w.org\/{rel}","templated":true}]}}