{"id":18,"date":"2024-05-15T11:36:45","date_gmt":"2024-05-15T11:36:45","guid":{"rendered":"https:\/\/academy.effseit.com\/?page_id=18"},"modified":"2024-06-14T08:43:00","modified_gmt":"2024-06-14T08:43:00","slug":"accueil","status":"publish","type":"page","link":"https:\/\/academy.effseit.com\/","title":{"rendered":"Accueil"},"content":{"rendered":"\t\t<div data-elementor-type=\"wp-page\" data-elementor-id=\"18\" class=\"elementor elementor-18\" data-elementor-post-type=\"page\">\n\t\t\t\t<div class=\"elementor-element elementor-element-3ec44508 e-flex e-con-boxed e-con e-parent\" data-id=\"3ec44508\" data-element_type=\"container\" data-e-type=\"container\">\n\t\t\t\t\t<div class=\"e-con-inner\">\n\t\t\t\t<div class=\"elementor-element elementor-element-5acbc668 elementor-widget__width-inherit exad-sticky-section-no exad-glass-effect-no elementor-widget elementor-widget-text-editor\" data-id=\"5acbc668\" data-element_type=\"widget\" data-e-type=\"widget\" data-widget_type=\"text-editor.default\">\n\t\t\t\t<div class=\"elementor-widget-container\">\n\t\t\t\t\t\t\t\t\t\n<div style=\"height:39px\" aria-hidden=\"true\" class=\"wp-block-spacer\"><\/div>\n\n\n<form role=\"search\" method=\"get\" action=\"https:\/\/academy.effseit.com\/\" class=\"wp-block-search__button-outside wp-block-search__text-button wp-block-search\"    ><label class=\"wp-block-search__label\" for=\"wp-block-search__input-2\" ><strong>Rechercher une formation<\/strong><\/label><div class=\"wp-block-search__inside-wrapper\" ><input class=\"wp-block-search__input\" id=\"wp-block-search__input-2\" placeholder=\"\" value=\"\" type=\"search\" name=\"s\" required \/><button aria-label=\"Rechercher\" class=\"wp-block-search__button has-text-color has-secondary-color has-background has-primary-background-color wp-element-button\" type=\"submit\" >Rechercher<\/button><\/div><\/form>\n\n\n<div style=\"height:59px\" aria-hidden=\"true\" class=\"wp-block-spacer\"><\/div>\n\n\n\n<div class=\"wp-block-cover aligncenter has-parallax\"><span aria-hidden=\"true\" class=\"wp-block-cover__background has-black-background-color has-background-dim-40 has-background-dim\"><\/span><div class=\"wp-block-cover__image-background wp-image-568 has-parallax\" style=\"background-position:50% 50%;background-image:url(https:\/\/academy.effseit.com\/wp-content\/uploads\/2024\/05\/fond-technologie-informatique-abstrait-carte-circuit-imprime-fond-bleu-tech-illustration-vectorielle_474511-391.avif)\"><\/div><div class=\"wp-block-cover__inner-container is-layout-constrained wp-block-cover-is-layout-constrained\">\n<div style=\"height:53px\" aria-hidden=\"true\" class=\"wp-block-spacer\"><\/div>\n\n\n\n<p class=\"has-text-align-left has-background has-huge-font-size\" style=\"background-color:#00000017\"><strong>Prot\u00e9gez vos donn\u00e9es<\/strong><\/p>\n\n\n\n<div style=\"height:19px\" aria-hidden=\"true\" class=\"wp-block-spacer\"><\/div>\n\n\n\n<p class=\"has-text-align-left has-background\" style=\"background-color:#00000012;font-size:18px;font-style:normal;font-weight:300;letter-spacing:3px\">Dans un monde o\u00f9 la cybermenace est omnipr\u00e9sente, la protection des donn\u00e9es et la s\u00e9curit\u00e9 informatique sont devenues des priorit\u00e9s absolues pour toute entreprise. <\/p>\n\n\n\n<p class=\"has-text-align-left has-background\" style=\"background-color:#00000012;font-size:18px;font-style:normal;font-weight:300;letter-spacing:3px\">Chez EFFSEIT ACADEMY, votre partenaire de confiance dans la lutte contre les cyberattaques, nous sommes sp\u00e9cialis\u00e9s dans la sensibilisation et la formation en cybers\u00e9curit\u00e9, vous aidant ainsi \u00e0 renforcer la r\u00e9silience de votre entreprise face aux menaces num\u00e9riques.<\/p>\n\n\n\n<div style=\"height:47px\" aria-hidden=\"true\" class=\"wp-block-spacer\"><\/div>\n\n\n\n<div class=\"wp-block-buttons alignfull is-content-justification-right is-layout-flex wp-container-core-buttons-is-layout-765c4724 wp-block-buttons-is-layout-flex\">\n<div class=\"wp-block-button has-custom-font-size has-normal-font-size\"><a class=\"wp-block-button__link has-black-color has-white-background-color has-text-color has-background has-link-color wp-element-button\"><strong>Voir les formations<\/strong><\/a><\/div>\n<\/div>\n\n\n\n<div style=\"height:53px\" aria-hidden=\"true\" class=\"wp-block-spacer\"><\/div>\n<\/div><\/div>\n\n\n\n<div style=\"height:59px\" aria-hidden=\"true\" class=\"wp-block-spacer\"><\/div>\n\n\n\n<div style=\"height:2px\" aria-hidden=\"true\" class=\"wp-block-spacer\"><\/div>\n\n\n\n<p class=\"has-text-align-center has-primary-color has-text-color has-background has-link-color wp-elements-661c80db2ff0be89ff76edf5f975adf4\" style=\"background-color:#7e949e2b\"><em>\u00ab\u00a0Travailler avec EFFSEIT ACADEMY a \u00e9t\u00e9 une v\u00e9ritable r\u00e9v\u00e9lation pour notre entreprise. Gr\u00e2ce \u00e0 leurs formations et leur expertise en cybers\u00e9curit\u00e9, nous avons renforc\u00e9 notre infrastructure de s\u00e9curit\u00e9, mais aussi sensibilis\u00e9 tous nos employ\u00e9s aux meilleures pratiques en mati\u00e8re de protection des donn\u00e9es. Leurs conseils personnalis\u00e9s et leur support continu ont fait toute la diff\u00e9rence. Aujourd&rsquo;hui, nous nous sentons beaucoup plus pr\u00e9par\u00e9s \u00e0 affronter les menaces num\u00e9riques.\u00a0\u00bb<\/em><\/p>\n\n\n\n<div style=\"height:73px\" aria-hidden=\"true\" class=\"wp-block-spacer\"><\/div>\n\n\n\n<div class=\"wp-block-cover aligncenter has-parallax\"><span aria-hidden=\"true\" class=\"wp-block-cover__background has-black-background-color has-background-dim\"><\/span><div class=\"wp-block-cover__image-background wp-image-645 has-parallax\" style=\"background-position:50% 50%;background-image:url(https:\/\/academy.effseit.com\/wp-content\/uploads\/2024\/05\/KV4Zfv.jpg)\"><\/div><div class=\"wp-block-cover__inner-container is-layout-constrained wp-block-cover-is-layout-constrained\">\n<div style=\"height:53px\" aria-hidden=\"true\" class=\"wp-block-spacer\"><\/div>\n\n\n\n<p class=\"has-text-align-left has-background has-huge-font-size\" style=\"background-color:#0000000a\"><strong><strong>Formez vos employ\u00e9s<\/strong><\/strong><\/p>\n\n\n\n<p class=\"has-text-align-left has-background\" style=\"background-color:#00000008;font-size:18px;font-style:normal;font-weight:300;letter-spacing:3px\"><br>Dans un monde o\u00f9 la technologie \u00e9volue rapidement, les entreprises doivent \u00eatre pr\u00eates \u00e0 affronter les d\u00e9fis des menaces informatiques de demain.  <\/p>\n\n\n\n<p class=\"has-text-align-left has-background\" style=\"background-color:#00000008;font-size:18px;font-style:normal;font-weight:300;letter-spacing:3px\">\u00catre inform\u00e9 et capable de reconna\u00eetre et contrer les menaces informatiques \u00e9mergentes est essentiel pour maintenir la s\u00e9curit\u00e9 et la r\u00e9silience de l&rsquo;entreprise. En investissant dans la formation de leurs employ\u00e9s, les entreprises peuvent renforcer leur posture de s\u00e9curit\u00e9 et se pr\u00e9parer \u00e0 faire face aux d\u00e9fis technologiques de l&rsquo;avenir.<\/p>\n\n\n\n<div style=\"height:60px\" aria-hidden=\"true\" class=\"wp-block-spacer\"><\/div>\n\n\n\n<div class=\"wp-block-buttons alignfull is-content-justification-right is-layout-flex wp-container-core-buttons-is-layout-765c4724 wp-block-buttons-is-layout-flex\">\n<div class=\"wp-block-button has-custom-font-size has-normal-font-size\"><a class=\"wp-block-button__link has-black-color has-white-background-color has-text-color has-background has-link-color wp-element-button\"><strong>Voir les formations<\/strong><\/a><\/div>\n<\/div>\n\n\n\n<div style=\"height:53px\" aria-hidden=\"true\" class=\"wp-block-spacer\"><\/div>\n<\/div><\/div>\n\n\n\n<div style=\"height:135px\" aria-hidden=\"true\" class=\"wp-block-spacer\"><\/div>\n\n\n\n<p class=\"has-text-color has-link-color has-huge-font-size wp-elements-6e9295b03bd90cc7774069866ac00b3a\" style=\"color:#7e949ee3\"><strong>Sujet des formations<\/strong><\/p>\n\n\n\n<div style=\"height:45px\" aria-hidden=\"true\" class=\"wp-block-spacer\"><\/div>\n\n\n\n<div class=\"wp-block-columns alignwide has-background-background-color has-background is-layout-flex wp-container-core-columns-is-layout-48f4f58f wp-block-columns-is-layout-flex\">\n<div class=\"wp-block-column has-primary-color has-very-light-gray-to-cyan-bluish-gray-gradient-background has-text-color has-background has-link-color wp-elements-2d8efc4b3a7d8f6bdd20f202373f13f6 is-layout-flow wp-block-column-is-layout-flow\" style=\"border-style:none;border-width:0px;padding-top:var(--wp--preset--spacing--40);padding-bottom:var(--wp--preset--spacing--40)\">\n<h5 class=\"wp-block-heading has-text-align-center has-secondary-color has-text-color has-background has-link-color wp-elements-25d4012b4a4a5824f9350a26ac50d3e0\" style=\"background-color:#7e949e\"><strong>GESTION DES MOTS DE PASSE<\/strong><\/h5>\n\n\n<div class=\"wp-block-image is-style-default\">\n<figure class=\"aligncenter size-full is-resized has-custom-border\"><img fetchpriority=\"high\" decoding=\"async\" width=\"366\" height=\"293\" src=\"https:\/\/academy.effseit.com\/wp-content\/uploads\/2024\/05\/linformatique-3.jpg\" alt=\"\" class=\"wp-image-556\" style=\"border-style:none;border-width:0px;border-radius:0px;width:188px;height:auto\" srcset=\"https:\/\/academy.effseit.com\/wp-content\/uploads\/2024\/05\/linformatique-3.jpg 366w, https:\/\/academy.effseit.com\/wp-content\/uploads\/2024\/05\/linformatique-3-300x240.jpg 300w\" sizes=\"(max-width: 366px) 100vw, 366px\" \/><\/figure>\n<\/div>\n\n\n<p class=\"has-text-align-center\" style=\"font-size:13px\">Apprenez \u00e0 cr\u00e9er des mots de passe robustes,  et \u00e0 utiliser des gestionnaires de mots de passe s\u00e9curis\u00e9s et \u00e0 prot\u00e9ger l&rsquo;acc\u00e8s \u00e0 vos comptes en ligne des attaques informatiques.<\/p>\n\n\n\n<div class=\"wp-block-buttons is-content-justification-center is-layout-flex wp-container-core-buttons-is-layout-16018d1d wp-block-buttons-is-layout-flex\">\n<div class=\"wp-block-button\"><a class=\"wp-block-button__link has-primary-color has-secondary-background-color has-text-color has-background has-link-color has-border-color has-primary-border-color wp-element-button\" href=\"https:\/\/ht1425.wordpress.com\/nos-formations\/\" style=\"border-width:2px\">Voir les d\u00e9tails<\/a><\/div>\n<\/div>\n\n\n\n<p class=\"has-text-align-center has-small-font-size\" style=\"margin-right:var(--wp--preset--spacing--40);margin-left:var(--wp--preset--spacing--40)\"><\/p>\n<\/div>\n\n\n\n<div class=\"wp-block-column has-primary-color has-text-color has-background has-link-color wp-elements-c55b80cc83c9441af002e20622ddc33f is-layout-flow wp-block-column-is-layout-flow\" style=\"border-style:none;border-width:0px;background-color:#7e949e2b;padding-top:var(--wp--preset--spacing--40);padding-bottom:var(--wp--preset--spacing--40)\">\n<h5 class=\"wp-block-heading has-text-align-center has-secondary-color has-text-color has-background has-link-color wp-elements-869359590ca538e1878ece6ac5924644\" style=\"background-color:#7e949e\"><strong>SECURISATION DES            MAILS <\/strong><\/h5>\n\n\n<div class=\"wp-block-image is-style-default\">\n<figure class=\"aligncenter size-full is-resized has-custom-border\"><img decoding=\"async\" width=\"579\" height=\"463\" src=\"https:\/\/academy.effseit.com\/wp-content\/uploads\/2024\/05\/developpement-informatique-service-1-3.jpg\" alt=\"\" class=\"wp-image-491\" style=\"border-style:none;border-width:0px;border-radius:0px;width:188px;height:auto\" srcset=\"https:\/\/academy.effseit.com\/wp-content\/uploads\/2024\/05\/developpement-informatique-service-1-3.jpg 579w, https:\/\/academy.effseit.com\/wp-content\/uploads\/2024\/05\/developpement-informatique-service-1-3-300x240.jpg 300w\" sizes=\"(max-width: 579px) 100vw, 579px\" \/><\/figure>\n<\/div>\n\n\n<p class=\"has-text-align-center\" style=\"font-size:13px\"> Ma\u00eetrisez les meilleures pratiques de gestion des mots de passe et assurez vous que seuls les destinataires autoris\u00e9s peuvent acc\u00e9der \u00e0 vos informations sensibles.<\/p>\n\n\n\n<div class=\"wp-block-buttons is-content-justification-center is-layout-flex wp-container-core-buttons-is-layout-16018d1d wp-block-buttons-is-layout-flex\">\n<div class=\"wp-block-button\"><a class=\"wp-block-button__link has-primary-color has-secondary-background-color has-text-color has-background has-link-color has-border-color has-primary-border-color wp-element-button\" href=\"https:\/\/ht1425.wordpress.com\/nos-formations\/\" style=\"border-width:2px\">Voir les d\u00e9tails<\/a><\/div>\n<\/div>\n\n\n\n<p class=\"has-text-align-center has-small-font-size\" style=\"margin-right:var(--wp--preset--spacing--40);margin-left:var(--wp--preset--spacing--40)\"><\/p>\n<\/div>\n\n\n\n<div class=\"wp-block-column has-primary-color has-text-color has-background has-link-color wp-elements-35268d9728fc298d1ac090d5f1948f12 is-layout-flow wp-block-column-is-layout-flow\" style=\"border-style:none;border-width:0px;background-color:#7e949e2b;padding-top:var(--wp--preset--spacing--40);padding-bottom:var(--wp--preset--spacing--40)\">\n<h5 class=\"wp-block-heading has-text-align-center has-secondary-color has-text-color has-background has-link-color wp-elements-9325f03d1f0d54a10bc28294bca1932b\" style=\"background-color:#7e949e\"><strong>PREVENTION DU PHISHING<\/strong><\/h5>\n\n\n<div class=\"wp-block-image is-style-default\">\n<figure class=\"aligncenter size-full is-resized has-custom-border\"><img decoding=\"async\" width=\"770\" height=\"616\" src=\"https:\/\/academy.effseit.com\/wp-content\/uploads\/2024\/05\/big-data-5.jpg\" alt=\"\" class=\"wp-image-557\" style=\"border-style:none;border-width:0px;border-radius:0px;width:188px;height:auto\" srcset=\"https:\/\/academy.effseit.com\/wp-content\/uploads\/2024\/05\/big-data-5.jpg 770w, https:\/\/academy.effseit.com\/wp-content\/uploads\/2024\/05\/big-data-5-600x480.jpg 600w, https:\/\/academy.effseit.com\/wp-content\/uploads\/2024\/05\/big-data-5-300x240.jpg 300w, https:\/\/academy.effseit.com\/wp-content\/uploads\/2024\/05\/big-data-5-768x614.jpg 768w\" sizes=\"(max-width: 770px) 100vw, 770px\" \/><\/figure>\n<\/div>\n\n\n<p class=\"has-text-align-center\" style=\"font-size:13px\">Apprenez \u00e0 identifier les faux sites web et les e-mails frauduleux, ainsi qu&rsquo;\u00e0 prot\u00e9ger vos informations personnelles contre le vol d&rsquo;identit\u00e9 en ligne.<\/p>\n\n\n\n<div class=\"wp-block-buttons is-content-justification-center is-layout-flex wp-container-core-buttons-is-layout-16018d1d wp-block-buttons-is-layout-flex\">\n<div class=\"wp-block-button\"><a class=\"wp-block-button__link has-primary-color has-secondary-background-color has-text-color has-background has-link-color has-border-color has-primary-border-color wp-element-button\" href=\"https:\/\/ht1425.wordpress.com\/nos-formations\/\" style=\"border-width:2px\">Voir les d\u00e9tails<\/a><\/div>\n<\/div>\n\n\n\n<p class=\"has-text-align-center has-small-font-size\" style=\"margin-right:var(--wp--preset--spacing--40);margin-left:var(--wp--preset--spacing--40)\"><\/p>\n<\/div>\n<\/div>\n\n\n\n<div style=\"height:155px\" aria-hidden=\"true\" class=\"wp-block-spacer\"><\/div>\n\n\n\n<div class=\"wp-block-cover aligncenter has-parallax\"><span aria-hidden=\"true\" class=\"wp-block-cover__background has-black-background-color has-background-dim-40 has-background-dim\"><\/span><div class=\"wp-block-cover__image-background wp-image-655 has-parallax\" style=\"background-position:50% 50%;background-image:url(https:\/\/academy.effseit.com\/wp-content\/uploads\/2024\/05\/high_quality_wallpaper_HD_1080_IDS_1143528.png)\"><\/div><div class=\"wp-block-cover__inner-container is-layout-constrained wp-block-cover-is-layout-constrained\">\n<div style=\"height:77px\" aria-hidden=\"true\" class=\"wp-block-spacer\"><\/div>\n\n\n\n<p class=\"has-text-align-left has-huge-font-size\"><strong>Choisissez ce qui vous correspond<\/strong><\/p>\n\n\n\n<div style=\"height:88px\" aria-hidden=\"true\" class=\"wp-block-spacer\"><\/div>\n\n\n\n<p style=\"font-size:18px;font-style:normal;font-weight:300;letter-spacing:3px\">Nos services couvrent une large gamme de besoins, de la mise en place de logiciels de gestion \u00e0 la formation des employ\u00e9s en passant par l&rsquo;automatisation des processus et la digitalisation des documents. Nous sommes fiers de notre capacit\u00e9 \u00e0 fournir des solutions innovantes et efficaces pour aider nos clients \u00e0 num\u00e9riser leur entreprise tout en am\u00e9liorant leur efficacit\u00e9 op\u00e9rationnelle.<\/p>\n\n\n\n<div style=\"height:33px\" aria-hidden=\"true\" class=\"wp-block-spacer\"><\/div>\n\n\n\n<p style=\"font-size:18px;font-style:normal;font-weight:300;letter-spacing:3px\">Notre approche personnalis\u00e9e nous permet de travailler en \u00e9troite collaboration avec nos clients pour concevoir des solutions adapt\u00e9es \u00e0 leurs besoins sp\u00e9cifiques en mati\u00e8re de cybers\u00e9curit\u00e9.<\/p>\n\n\n\n<div style=\"height:53px\" aria-hidden=\"true\" class=\"wp-block-spacer\"><\/div>\n\n\n\n<div class=\"wp-block-buttons alignfull is-content-justification-right is-layout-flex wp-container-core-buttons-is-layout-765c4724 wp-block-buttons-is-layout-flex\">\n<div class=\"wp-block-button has-custom-font-size has-normal-font-size\"><a class=\"wp-block-button__link has-black-color has-white-background-color has-text-color has-background has-link-color wp-element-button\"><strong>Voir les formations<\/strong><\/a><\/div>\n<\/div>\n\n\n\n<div style=\"height:53px\" aria-hidden=\"true\" class=\"wp-block-spacer\"><\/div>\n<\/div><\/div>\n\t\t\t\t\t\t\t\t<\/div>\n\t\t\t\t<\/div>\n\t\t\t\t\t<\/div>\n\t\t\t\t<\/div>\n\t\t\t\t<\/div>\n\t\t","protected":false},"excerpt":{"rendered":"<p>\u00ab&nbsp;Travailler avec EFFSEIT ACADEMY a \u00e9t\u00e9 une v\u00e9ritable r\u00e9v\u00e9lation pour notre entreprise. Gr\u00e2ce \u00e0 leurs formations et leur expertise en cybers\u00e9curit\u00e9, nous avons renforc\u00e9 notre infrastructure de s\u00e9curit\u00e9, mais aussi sensibilis\u00e9 tous nos employ\u00e9s aux meilleures pratiques en mati\u00e8re de protection des donn\u00e9es. Leurs conseils personnalis\u00e9s et leur support continu ont fait toute la diff\u00e9rence.&hellip; <br \/> <a class=\"read-more\" href=\"https:\/\/academy.effseit.com\/\">Lire la suite<\/a><\/p>\n","protected":false},"author":1,"featured_media":0,"parent":0,"menu_order":0,"comment_status":"closed","ping_status":"closed","template":"","meta":{"footnotes":""},"class_list":["post-18","page","type-page","status-publish","hentry"],"yoast_head":"<!-- This site is optimized with the Yoast SEO plugin v27.4 - https:\/\/yoast.com\/product\/yoast-seo-wordpress\/ -->\n<title>Accueil - EFFSEIT ACADEMY<\/title>\n<meta name=\"robots\" content=\"index, follow, max-snippet:-1, max-image-preview:large, max-video-preview:-1\" \/>\n<link rel=\"canonical\" href=\"https:\/\/academy.effseit.com\/\" \/>\n<meta property=\"og:locale\" content=\"fr_FR\" \/>\n<meta property=\"og:type\" content=\"article\" \/>\n<meta property=\"og:title\" content=\"Accueil - EFFSEIT ACADEMY\" \/>\n<meta property=\"og:description\" content=\"\u00ab&nbsp;Travailler avec EFFSEIT ACADEMY a \u00e9t\u00e9 une v\u00e9ritable r\u00e9v\u00e9lation pour notre entreprise. Gr\u00e2ce \u00e0 leurs formations et leur expertise en cybers\u00e9curit\u00e9, nous avons renforc\u00e9 notre infrastructure de s\u00e9curit\u00e9, mais aussi sensibilis\u00e9 tous nos employ\u00e9s aux meilleures pratiques en mati\u00e8re de protection des donn\u00e9es. Leurs conseils personnalis\u00e9s et leur support continu ont fait toute la diff\u00e9rence.&hellip; Lire la suite\" \/>\n<meta property=\"og:url\" content=\"https:\/\/academy.effseit.com\/\" \/>\n<meta property=\"og:site_name\" content=\"EFFSEIT ACADEMY\" \/>\n<meta property=\"article:modified_time\" content=\"2024-06-14T08:43:00+00:00\" \/>\n<meta property=\"og:image\" content=\"https:\/\/academy.effseit.com\/wp-content\/uploads\/2024\/05\/00.png\" \/>\n<meta name=\"twitter:card\" content=\"summary_large_image\" \/>\n<meta name=\"twitter:label1\" content=\"Dur\u00e9e de lecture estim\u00e9e\" \/>\n\t<meta name=\"twitter:data1\" content=\"4 minutes\" \/>\n<script type=\"application\/ld+json\" class=\"yoast-schema-graph\">{\"@context\":\"https:\\\/\\\/schema.org\",\"@graph\":[{\"@type\":\"WebPage\",\"@id\":\"https:\\\/\\\/academy.effseit.com\\\/\",\"url\":\"https:\\\/\\\/academy.effseit.com\\\/\",\"name\":\"Accueil - EFFSEIT ACADEMY\",\"isPartOf\":{\"@id\":\"https:\\\/\\\/academy.effseit.com\\\/#website\"},\"primaryImageOfPage\":{\"@id\":\"https:\\\/\\\/academy.effseit.com\\\/#primaryimage\"},\"image\":{\"@id\":\"https:\\\/\\\/academy.effseit.com\\\/#primaryimage\"},\"thumbnailUrl\":\"https:\\\/\\\/academy.effseit.com\\\/wp-content\\\/uploads\\\/2024\\\/05\\\/00.png\",\"datePublished\":\"2024-05-15T11:36:45+00:00\",\"dateModified\":\"2024-06-14T08:43:00+00:00\",\"breadcrumb\":{\"@id\":\"https:\\\/\\\/academy.effseit.com\\\/#breadcrumb\"},\"inLanguage\":\"fr-FR\",\"potentialAction\":[{\"@type\":\"ReadAction\",\"target\":[\"https:\\\/\\\/academy.effseit.com\\\/\"]}]},{\"@type\":\"ImageObject\",\"inLanguage\":\"fr-FR\",\"@id\":\"https:\\\/\\\/academy.effseit.com\\\/#primaryimage\",\"url\":\"https:\\\/\\\/academy.effseit.com\\\/wp-content\\\/uploads\\\/2024\\\/05\\\/00.png\",\"contentUrl\":\"https:\\\/\\\/academy.effseit.com\\\/wp-content\\\/uploads\\\/2024\\\/05\\\/00.png\",\"width\":960,\"height\":1800},{\"@type\":\"BreadcrumbList\",\"@id\":\"https:\\\/\\\/academy.effseit.com\\\/#breadcrumb\",\"itemListElement\":[{\"@type\":\"ListItem\",\"position\":1,\"name\":\"Accueil\",\"item\":\"https:\\\/\\\/academy.effseit.com\\\/\"},{\"@type\":\"ListItem\",\"position\":2,\"name\":\"Accueil\"}]},{\"@type\":\"WebSite\",\"@id\":\"https:\\\/\\\/academy.effseit.com\\\/#website\",\"url\":\"https:\\\/\\\/academy.effseit.com\\\/\",\"name\":\"EFFSEIT ACADEMY\",\"description\":\"Votre formation, Votre protection\",\"potentialAction\":[{\"@type\":\"SearchAction\",\"target\":{\"@type\":\"EntryPoint\",\"urlTemplate\":\"https:\\\/\\\/academy.effseit.com\\\/?s={search_term_string}\"},\"query-input\":{\"@type\":\"PropertyValueSpecification\",\"valueRequired\":true,\"valueName\":\"search_term_string\"}}],\"inLanguage\":\"fr-FR\"}]}<\/script>\n<!-- \/ Yoast SEO plugin. -->","yoast_head_json":{"title":"Accueil - EFFSEIT ACADEMY","robots":{"index":"index","follow":"follow","max-snippet":"max-snippet:-1","max-image-preview":"max-image-preview:large","max-video-preview":"max-video-preview:-1"},"canonical":"https:\/\/academy.effseit.com\/","og_locale":"fr_FR","og_type":"article","og_title":"Accueil - EFFSEIT ACADEMY","og_description":"\u00ab&nbsp;Travailler avec EFFSEIT ACADEMY a \u00e9t\u00e9 une v\u00e9ritable r\u00e9v\u00e9lation pour notre entreprise. Gr\u00e2ce \u00e0 leurs formations et leur expertise en cybers\u00e9curit\u00e9, nous avons renforc\u00e9 notre infrastructure de s\u00e9curit\u00e9, mais aussi sensibilis\u00e9 tous nos employ\u00e9s aux meilleures pratiques en mati\u00e8re de protection des donn\u00e9es. Leurs conseils personnalis\u00e9s et leur support continu ont fait toute la diff\u00e9rence.&hellip; Lire la suite","og_url":"https:\/\/academy.effseit.com\/","og_site_name":"EFFSEIT ACADEMY","article_modified_time":"2024-06-14T08:43:00+00:00","og_image":[{"url":"https:\/\/academy.effseit.com\/wp-content\/uploads\/2024\/05\/00.png","type":"","width":"","height":""}],"twitter_card":"summary_large_image","twitter_misc":{"Dur\u00e9e de lecture estim\u00e9e":"4 minutes"},"schema":{"@context":"https:\/\/schema.org","@graph":[{"@type":"WebPage","@id":"https:\/\/academy.effseit.com\/","url":"https:\/\/academy.effseit.com\/","name":"Accueil - EFFSEIT ACADEMY","isPartOf":{"@id":"https:\/\/academy.effseit.com\/#website"},"primaryImageOfPage":{"@id":"https:\/\/academy.effseit.com\/#primaryimage"},"image":{"@id":"https:\/\/academy.effseit.com\/#primaryimage"},"thumbnailUrl":"https:\/\/academy.effseit.com\/wp-content\/uploads\/2024\/05\/00.png","datePublished":"2024-05-15T11:36:45+00:00","dateModified":"2024-06-14T08:43:00+00:00","breadcrumb":{"@id":"https:\/\/academy.effseit.com\/#breadcrumb"},"inLanguage":"fr-FR","potentialAction":[{"@type":"ReadAction","target":["https:\/\/academy.effseit.com\/"]}]},{"@type":"ImageObject","inLanguage":"fr-FR","@id":"https:\/\/academy.effseit.com\/#primaryimage","url":"https:\/\/academy.effseit.com\/wp-content\/uploads\/2024\/05\/00.png","contentUrl":"https:\/\/academy.effseit.com\/wp-content\/uploads\/2024\/05\/00.png","width":960,"height":1800},{"@type":"BreadcrumbList","@id":"https:\/\/academy.effseit.com\/#breadcrumb","itemListElement":[{"@type":"ListItem","position":1,"name":"Accueil","item":"https:\/\/academy.effseit.com\/"},{"@type":"ListItem","position":2,"name":"Accueil"}]},{"@type":"WebSite","@id":"https:\/\/academy.effseit.com\/#website","url":"https:\/\/academy.effseit.com\/","name":"EFFSEIT ACADEMY","description":"Votre formation, Votre protection","potentialAction":[{"@type":"SearchAction","target":{"@type":"EntryPoint","urlTemplate":"https:\/\/academy.effseit.com\/?s={search_term_string}"},"query-input":{"@type":"PropertyValueSpecification","valueRequired":true,"valueName":"search_term_string"}}],"inLanguage":"fr-FR"}]}},"_links":{"self":[{"href":"https:\/\/academy.effseit.com\/index.php?rest_route=\/wp\/v2\/pages\/18","targetHints":{"allow":["GET"]}}],"collection":[{"href":"https:\/\/academy.effseit.com\/index.php?rest_route=\/wp\/v2\/pages"}],"about":[{"href":"https:\/\/academy.effseit.com\/index.php?rest_route=\/wp\/v2\/types\/page"}],"author":[{"embeddable":true,"href":"https:\/\/academy.effseit.com\/index.php?rest_route=\/wp\/v2\/users\/1"}],"replies":[{"embeddable":true,"href":"https:\/\/academy.effseit.com\/index.php?rest_route=%2Fwp%2Fv2%2Fcomments&post=18"}],"version-history":[{"count":416,"href":"https:\/\/academy.effseit.com\/index.php?rest_route=\/wp\/v2\/pages\/18\/revisions"}],"predecessor-version":[{"id":1911,"href":"https:\/\/academy.effseit.com\/index.php?rest_route=\/wp\/v2\/pages\/18\/revisions\/1911"}],"wp:attachment":[{"href":"https:\/\/academy.effseit.com\/index.php?rest_route=%2Fwp%2Fv2%2Fmedia&parent=18"}],"curies":[{"name":"wp","href":"https:\/\/api.w.org\/{rel}","templated":true}]}}