{"id":11,"date":"2024-05-15T11:28:00","date_gmt":"2024-05-15T11:28:00","guid":{"rendered":"https:\/\/academy.effseit.com\/?page_id=11"},"modified":"2024-06-14T14:56:43","modified_gmt":"2024-06-14T14:56:43","slug":"nos-formations","status":"publish","type":"page","link":"https:\/\/academy.effseit.com\/?page_id=11","title":{"rendered":"Nos formations"},"content":{"rendered":"\n<div class=\"wp-block-cover aligncenter has-parallax ban\" style=\"min-height:100vh;aspect-ratio:unset;\"><span aria-hidden=\"true\" class=\"wp-block-cover__background has-background-dim-60 has-background-dim\" style=\"background-color:#00939e\"><\/span><div class=\"wp-block-cover__image-background wp-image-1129 has-parallax\" style=\"background-position:50% 50%;background-image:url(https:\/\/academy.effseit.com\/wp-content\/uploads\/2024\/06\/abstract-modern-viva-magenta-background-with-liquid-waves-innovation-technology-concept-luxury-backdrop-geometric-modern-digital-wallpaper-copy-space-trendy-color-2023-year-art-fractal_735953-391.avif)\"><\/div><div class=\"wp-block-cover__inner-container is-layout-constrained wp-block-cover-is-layout-constrained\">\n<div style=\"height:53px\" aria-hidden=\"true\" class=\"wp-block-spacer\"><\/div>\n\n\n\n<p class=\"has-text-align-center titre has-large-font-size\"><strong><strong>Des formations pour votre entreprise<\/strong><\/strong><\/p>\n\n\n\n<div style=\"height:19px\" aria-hidden=\"true\" class=\"wp-block-spacer\"><\/div>\n\n\n\n<div style=\"height:51px\" aria-hidden=\"true\" class=\"wp-block-spacer\"><\/div>\n\n\n\n<p class=\"has-text-align-left parag2\" style=\"font-style:normal;font-weight:300;letter-spacing:3px\">Chez EFFSEIT, nous comprenons l&rsquo;importance critique de prot\u00e9ger les donn\u00e9es sensibles et les syst\u00e8mes informatiques de nos clients. C&rsquo;est pour cela que nous avons d\u00e9velopp\u00e9 EFFSEIT ACADEMY, une fili\u00e8re de formation d\u00e9di\u00e9e \u00e0 la sensibilisation des employ\u00e9s des PME aux risques li\u00e9s \u00e0 la cybers\u00e9curit\u00e9.<\/p>\n\n\n\n<p class=\"has-text-align-left parag2\" style=\"font-style:normal;font-weight:300;letter-spacing:3px\">Nos programmes de formation sont con\u00e7us pour offrir une approche compl\u00e8te de la s\u00e9curit\u00e9 informatique, d&rsquo;abord avec des bases fondamentales et en se tournant ensuite vers des techniques avanc\u00e9es de pr\u00e9vention aux cyberattaques. <\/p>\n\n\n\n<p class=\"has-text-align-left parag2\" style=\"font-style:normal;font-weight:300;letter-spacing:3px\">Nous proposons des sujets allant de la sensibilisation \u00e0 la s\u00e9curit\u00e9 et la gestion des mots de passe et \u00e0 la protection des donn\u00e9es confidentielles.<\/p>\n\n\n\n<div style=\"height:47px\" aria-hidden=\"true\" class=\"wp-block-spacer\"><\/div>\n\n\n\n<div class=\"wp-block-buttons alignfull is-content-justification-right is-layout-flex wp-container-core-buttons-is-layout-765c4724 wp-block-buttons-is-layout-flex\">\n<div class=\"wp-block-button has-custom-font-size has-normal-font-size\"><a class=\"wp-block-button__link has-black-color has-white-background-color has-text-color has-background has-link-color wp-element-button\"><strong>Voir les formations<\/strong><\/a><\/div>\n<\/div>\n\n\n\n<div style=\"height:53px\" aria-hidden=\"true\" class=\"wp-block-spacer\"><\/div>\n<\/div><\/div>\n\n\n\n<div style=\"height:117px\" aria-hidden=\"true\" class=\"wp-block-spacer\"><\/div>\n\n\n\n<h4 class=\"wp-block-heading has-text-align-center has-medium-font-size\">Nos Formations en Cybers\u00e9curit\u00e9<\/h4>\n\n\n\n<p class=\"parag\">Effseit Academy propose des formations sp\u00e9cialis\u00e9es en cybers\u00e9curit\u00e9 adapt\u00e9es aux besoins des PME et TPE. Voici un aper\u00e7u de nos programmes :<\/p>\n\n\n\n<div style=\"height:67px\" aria-hidden=\"true\" class=\"wp-block-spacer\"><\/div>\n\n\n\n<p class=\"titre1 has-text-color has-link-color wp-elements-9bb3d9ebcef5fcbb10205f225106f133\" style=\"color:#055384a1;font-size:26px\"><strong>Introduction \u00e0 la Cybers\u00e9curit\u00e9<\/strong><\/p>\n\n\n\n<div style=\"height:27px\" aria-hidden=\"true\" class=\"wp-block-spacer\"><\/div>\n\n\n\n<ul class=\"wp-block-list\">\n<li class=\"parag\">Comprendre les concepts de base de la cybers\u00e9curit\u00e9<\/li>\n\n\n\n<li class=\"parag\">Identifier les principales menaces cybern\u00e9tiques<\/li>\n\n\n\n<li class=\"parag\">Mettre en place des mesures de protection de base<\/li>\n<\/ul>\n\n\n\n<div style=\"height:50px\" aria-hidden=\"true\" class=\"wp-block-spacer\"><\/div>\n\n\n\n<p class=\"titre1 has-text-color has-link-color wp-elements-06049e1f4f6b84661310d30a74e5b497\" style=\"color:#055384a1;font-size:26px\"><strong>S\u00e9curit\u00e9 des R\u00e9seaux et des Syst\u00e8mes <\/strong><\/p>\n\n\n\n<div style=\"height:27px\" aria-hidden=\"true\" class=\"wp-block-spacer\"><\/div>\n\n\n\n<ul class=\"wp-block-list\">\n<li class=\"parag\">Configurer et s\u00e9curiser les r\u00e9seaux informatiques<\/li>\n\n\n\n<li class=\"parag\">Utiliser les outils de d\u00e9tection et de pr\u00e9vention des intrusions<\/li>\n\n\n\n<li class=\"parag\">Assurer la s\u00e9curit\u00e9 des syst\u00e8mes d&rsquo;information<\/li>\n<\/ul>\n\n\n\n<div style=\"height:50px\" aria-hidden=\"true\" class=\"wp-block-spacer\"><\/div>\n\n\n\n<p class=\"titre1 has-text-color has-link-color wp-elements-23bbee1b49e05210d6206ccb964b85b5\" style=\"color:#055384a1;font-size:26px\"><strong>Gestion des Risques Cyber <\/strong><\/p>\n\n\n\n<div style=\"height:27px\" aria-hidden=\"true\" class=\"wp-block-spacer\"><\/div>\n\n\n\n<ul class=\"wp-block-list\">\n<li class=\"parag\">\u00c9valuer les risques cyber pour l&rsquo;entreprise<\/li>\n\n\n\n<li class=\"parag\">\u00c9laborer un plan de gestion des risques<\/li>\n\n\n\n<li class=\"parag\">Mettre en \u0153uvre des strat\u00e9gies de mitigation<\/li>\n<\/ul>\n\n\n\n<div style=\"height:50px\" aria-hidden=\"true\" class=\"wp-block-spacer\"><\/div>\n\n\n\n<p class=\"titre1 has-text-color has-link-color wp-elements-8f515ab9f5cc1a13720c3a53b2f8ede8\" style=\"color:#055384a1;font-size:26px\"><strong>Formation \u00e0 la R\u00e9action aux Incidents <\/strong><\/p>\n\n\n\n<div style=\"height:27px\" aria-hidden=\"true\" class=\"wp-block-spacer\"><\/div>\n\n\n\n<ul class=\"wp-block-list\">\n<li class=\"parag\">Identifier et r\u00e9agir rapidement aux incidents de s\u00e9curit\u00e9<\/li>\n\n\n\n<li class=\"parag\">Mettre en place des proc\u00e9dures de r\u00e9ponse aux incidents<\/li>\n\n\n\n<li class=\"parag\">Apprendre \u00e0 communiquer efficacement pendant et apr\u00e8s un incident<\/li>\n<\/ul>\n\n\n\n<div style=\"height:50px\" aria-hidden=\"true\" class=\"wp-block-spacer\"><\/div>\n\n\n\n<p class=\"titre1 has-text-color has-link-color wp-elements-b12c5f5ca308e524a647c3f36c669645\" style=\"color:#055384a1;font-size:26px\"><strong>Sensibilisation des Employ\u00e9s <\/strong><\/p>\n\n\n\n<div style=\"height:27px\" aria-hidden=\"true\" class=\"wp-block-spacer\"><\/div>\n\n\n\n<ul class=\"wp-block-list\">\n<li class=\"parag\">Former les employ\u00e9s aux bonnes pratiques de cybers\u00e9curit\u00e9<\/li>\n\n\n\n<li class=\"parag\">Sensibiliser aux dangers du phishing et des malwares<\/li>\n\n\n\n<li class=\"parag\">Cr\u00e9er une culture de cybers\u00e9curit\u00e9 au sein de l&rsquo;entreprise<\/li>\n<\/ul>\n\n\n\n<div style=\"height:50px\" aria-hidden=\"true\" class=\"wp-block-spacer\"><\/div>\n\n\n\n<div style=\"height:27px\" aria-hidden=\"true\" class=\"wp-block-spacer\"><\/div>\n\n\n\n<div style=\"height:26px\" aria-hidden=\"true\" class=\"wp-block-spacer\"><\/div>\n","protected":false},"excerpt":{"rendered":"<p>Nos Formations en Cybers\u00e9curit\u00e9 Effseit Academy propose des formations sp\u00e9cialis\u00e9es en cybers\u00e9curit\u00e9 adapt\u00e9es aux besoins des PME et TPE. Voici un aper\u00e7u de nos programmes : Introduction \u00e0 la Cybers\u00e9curit\u00e9 S\u00e9curit\u00e9 des R\u00e9seaux et des Syst\u00e8mes Gestion des Risques Cyber Formation \u00e0 la R\u00e9action aux Incidents Sensibilisation des Employ\u00e9s<\/p>\n","protected":false},"author":1,"featured_media":0,"parent":0,"menu_order":0,"comment_status":"closed","ping_status":"closed","template":"","meta":{"footnotes":""},"class_list":["post-11","page","type-page","status-publish","hentry"],"yoast_head":"<!-- This site is optimized with the Yoast SEO plugin v27.4 - https:\/\/yoast.com\/product\/yoast-seo-wordpress\/ -->\n<title>Nos formations - EFFSEIT ACADEMY<\/title>\n<meta name=\"robots\" content=\"index, follow, max-snippet:-1, max-image-preview:large, max-video-preview:-1\" \/>\n<link rel=\"canonical\" href=\"https:\/\/academy.effseit.com\/?page_id=11\" \/>\n<meta property=\"og:locale\" content=\"fr_FR\" \/>\n<meta property=\"og:type\" content=\"article\" \/>\n<meta property=\"og:title\" content=\"Nos formations - EFFSEIT ACADEMY\" \/>\n<meta property=\"og:description\" content=\"Nos Formations en Cybers\u00e9curit\u00e9 Effseit Academy propose des formations sp\u00e9cialis\u00e9es en cybers\u00e9curit\u00e9 adapt\u00e9es aux besoins des PME et TPE. Voici un aper\u00e7u de nos programmes : Introduction \u00e0 la Cybers\u00e9curit\u00e9 S\u00e9curit\u00e9 des R\u00e9seaux et des Syst\u00e8mes Gestion des Risques Cyber Formation \u00e0 la R\u00e9action aux Incidents Sensibilisation des Employ\u00e9s\" \/>\n<meta property=\"og:url\" content=\"https:\/\/academy.effseit.com\/?page_id=11\" \/>\n<meta property=\"og:site_name\" content=\"EFFSEIT ACADEMY\" \/>\n<meta property=\"article:modified_time\" content=\"2024-06-14T14:56:43+00:00\" \/>\n<meta name=\"twitter:card\" content=\"summary_large_image\" \/>\n<meta name=\"twitter:label1\" content=\"Dur\u00e9e de lecture estim\u00e9e\" \/>\n\t<meta name=\"twitter:data1\" content=\"2 minutes\" \/>\n<script type=\"application\/ld+json\" class=\"yoast-schema-graph\">{\"@context\":\"https:\\\/\\\/schema.org\",\"@graph\":[{\"@type\":\"WebPage\",\"@id\":\"https:\\\/\\\/academy.effseit.com\\\/?page_id=11\",\"url\":\"https:\\\/\\\/academy.effseit.com\\\/?page_id=11\",\"name\":\"Nos formations - EFFSEIT ACADEMY\",\"isPartOf\":{\"@id\":\"https:\\\/\\\/academy.effseit.com\\\/#website\"},\"datePublished\":\"2024-05-15T11:28:00+00:00\",\"dateModified\":\"2024-06-14T14:56:43+00:00\",\"breadcrumb\":{\"@id\":\"https:\\\/\\\/academy.effseit.com\\\/?page_id=11#breadcrumb\"},\"inLanguage\":\"fr-FR\",\"potentialAction\":[{\"@type\":\"ReadAction\",\"target\":[\"https:\\\/\\\/academy.effseit.com\\\/?page_id=11\"]}]},{\"@type\":\"BreadcrumbList\",\"@id\":\"https:\\\/\\\/academy.effseit.com\\\/?page_id=11#breadcrumb\",\"itemListElement\":[{\"@type\":\"ListItem\",\"position\":1,\"name\":\"Accueil\",\"item\":\"https:\\\/\\\/academy.effseit.com\\\/\"},{\"@type\":\"ListItem\",\"position\":2,\"name\":\"Nos formations\"}]},{\"@type\":\"WebSite\",\"@id\":\"https:\\\/\\\/academy.effseit.com\\\/#website\",\"url\":\"https:\\\/\\\/academy.effseit.com\\\/\",\"name\":\"EFFSEIT ACADEMY\",\"description\":\"Votre formation, Votre protection\",\"potentialAction\":[{\"@type\":\"SearchAction\",\"target\":{\"@type\":\"EntryPoint\",\"urlTemplate\":\"https:\\\/\\\/academy.effseit.com\\\/?s={search_term_string}\"},\"query-input\":{\"@type\":\"PropertyValueSpecification\",\"valueRequired\":true,\"valueName\":\"search_term_string\"}}],\"inLanguage\":\"fr-FR\"}]}<\/script>\n<!-- \/ Yoast SEO plugin. -->","yoast_head_json":{"title":"Nos formations - EFFSEIT ACADEMY","robots":{"index":"index","follow":"follow","max-snippet":"max-snippet:-1","max-image-preview":"max-image-preview:large","max-video-preview":"max-video-preview:-1"},"canonical":"https:\/\/academy.effseit.com\/?page_id=11","og_locale":"fr_FR","og_type":"article","og_title":"Nos formations - EFFSEIT ACADEMY","og_description":"Nos Formations en Cybers\u00e9curit\u00e9 Effseit Academy propose des formations sp\u00e9cialis\u00e9es en cybers\u00e9curit\u00e9 adapt\u00e9es aux besoins des PME et TPE. Voici un aper\u00e7u de nos programmes : Introduction \u00e0 la Cybers\u00e9curit\u00e9 S\u00e9curit\u00e9 des R\u00e9seaux et des Syst\u00e8mes Gestion des Risques Cyber Formation \u00e0 la R\u00e9action aux Incidents Sensibilisation des Employ\u00e9s","og_url":"https:\/\/academy.effseit.com\/?page_id=11","og_site_name":"EFFSEIT ACADEMY","article_modified_time":"2024-06-14T14:56:43+00:00","twitter_card":"summary_large_image","twitter_misc":{"Dur\u00e9e de lecture estim\u00e9e":"2 minutes"},"schema":{"@context":"https:\/\/schema.org","@graph":[{"@type":"WebPage","@id":"https:\/\/academy.effseit.com\/?page_id=11","url":"https:\/\/academy.effseit.com\/?page_id=11","name":"Nos formations - EFFSEIT ACADEMY","isPartOf":{"@id":"https:\/\/academy.effseit.com\/#website"},"datePublished":"2024-05-15T11:28:00+00:00","dateModified":"2024-06-14T14:56:43+00:00","breadcrumb":{"@id":"https:\/\/academy.effseit.com\/?page_id=11#breadcrumb"},"inLanguage":"fr-FR","potentialAction":[{"@type":"ReadAction","target":["https:\/\/academy.effseit.com\/?page_id=11"]}]},{"@type":"BreadcrumbList","@id":"https:\/\/academy.effseit.com\/?page_id=11#breadcrumb","itemListElement":[{"@type":"ListItem","position":1,"name":"Accueil","item":"https:\/\/academy.effseit.com\/"},{"@type":"ListItem","position":2,"name":"Nos formations"}]},{"@type":"WebSite","@id":"https:\/\/academy.effseit.com\/#website","url":"https:\/\/academy.effseit.com\/","name":"EFFSEIT ACADEMY","description":"Votre formation, Votre protection","potentialAction":[{"@type":"SearchAction","target":{"@type":"EntryPoint","urlTemplate":"https:\/\/academy.effseit.com\/?s={search_term_string}"},"query-input":{"@type":"PropertyValueSpecification","valueRequired":true,"valueName":"search_term_string"}}],"inLanguage":"fr-FR"}]}},"_links":{"self":[{"href":"https:\/\/academy.effseit.com\/index.php?rest_route=\/wp\/v2\/pages\/11","targetHints":{"allow":["GET"]}}],"collection":[{"href":"https:\/\/academy.effseit.com\/index.php?rest_route=\/wp\/v2\/pages"}],"about":[{"href":"https:\/\/academy.effseit.com\/index.php?rest_route=\/wp\/v2\/types\/page"}],"author":[{"embeddable":true,"href":"https:\/\/academy.effseit.com\/index.php?rest_route=\/wp\/v2\/users\/1"}],"replies":[{"embeddable":true,"href":"https:\/\/academy.effseit.com\/index.php?rest_route=%2Fwp%2Fv2%2Fcomments&post=11"}],"version-history":[{"count":214,"href":"https:\/\/academy.effseit.com\/index.php?rest_route=\/wp\/v2\/pages\/11\/revisions"}],"predecessor-version":[{"id":1856,"href":"https:\/\/academy.effseit.com\/index.php?rest_route=\/wp\/v2\/pages\/11\/revisions\/1856"}],"wp:attachment":[{"href":"https:\/\/academy.effseit.com\/index.php?rest_route=%2Fwp%2Fv2%2Fmedia&parent=11"}],"curies":[{"name":"wp","href":"https:\/\/api.w.org\/{rel}","templated":true}]}}